{"id":22633,"date":"2025-08-31T19:37:23","date_gmt":"2025-08-31T23:37:23","guid":{"rendered":"https:\/\/www.colegioinmobiliario.com\/argentina\/?post_type=product&#038;p=22633"},"modified":"2026-04-18T09:58:59","modified_gmt":"2026-04-18T13:58:59","slug":"curso-de-tasacion-inmobiliaria-en-argentina","status":"publish","type":"product","link":"https:\/\/www.colegioinmobiliario.com\/argentina\/producto\/curso-de-tasacion-inmobiliaria-en-argentina\/","title":{"rendered":"Curso de Tasaci\u00f3n Inmobiliaria en Argentina"},"content":{"rendered":"<h2 data-start=\"317\" data-end=\"373\"><strong data-start=\"320\" data-end=\"373\">M\u00f3dulo 1: Introducci\u00f3n a la Tasaci\u00f3n Inmobiliaria<\/strong><\/h2>\n<ul data-start=\"374\" data-end=\"573\">\n<li data-start=\"374\" data-end=\"414\">\n<p data-start=\"376\" data-end=\"414\">Concepto y objetivos de la tasaci\u00f3n.<\/p>\n<\/li>\n<li data-start=\"415\" data-end=\"459\">\n<p data-start=\"417\" data-end=\"459\">Diferencias entre valor, precio y costo.<\/p>\n<\/li>\n<li data-start=\"460\" data-end=\"528\">\n<p data-start=\"462\" data-end=\"528\">Importancia de la tasaci\u00f3n en el mercado inmobiliario argentino.<\/p>\n<\/li>\n<li data-start=\"529\" data-end=\"573\">\n<p data-start=\"531\" data-end=\"573\">Marco normativo general y rol del tasador.<\/p>\n<\/li>\n<\/ul>\n<hr data-start=\"575\" data-end=\"578\" \/>\n<h2 data-start=\"580\" data-end=\"633\"><strong data-start=\"583\" data-end=\"633\">M\u00f3dulo 2: Legislaci\u00f3n y Normativa en Argentina<\/strong><\/h2>\n<ul data-start=\"634\" data-end=\"857\">\n<li data-start=\"634\" data-end=\"678\">\n<p data-start=\"636\" data-end=\"678\">Normas legales vinculadas a la tasaci\u00f3n.<\/p>\n<\/li>\n<li data-start=\"679\" data-end=\"734\">\n<p data-start=\"681\" data-end=\"734\">Leyes y reglamentaciones provinciales y nacionales.<\/p>\n<\/li>\n<li data-start=\"735\" data-end=\"796\">\n<p data-start=\"737\" data-end=\"796\">El rol del Colegio Profesional y requisitos para ejercer.<\/p>\n<\/li>\n<li data-start=\"797\" data-end=\"857\">\n<p data-start=\"799\" data-end=\"857\">Aspectos \u00e9ticos y responsabilidad profesional del tasador.<\/p>\n<\/li>\n<\/ul>\n<hr data-start=\"859\" data-end=\"862\" \/>\n<h2 data-start=\"864\" data-end=\"913\"><strong data-start=\"867\" data-end=\"913\">M\u00f3dulo 3: Principios y M\u00e9todos de Tasaci\u00f3n<\/strong><\/h2>\n<ul data-start=\"914\" data-end=\"1189\">\n<li data-start=\"914\" data-end=\"979\">\n<p data-start=\"916\" data-end=\"979\">Principio de sustituci\u00f3n, mayor y mejor uso, y productividad.<\/p>\n<\/li>\n<li data-start=\"980\" data-end=\"1119\">\n<p data-start=\"982\" data-end=\"1004\">M\u00e9todos de tasaci\u00f3n:<\/p>\n<ul data-start=\"1007\" data-end=\"1119\">\n<li data-start=\"1007\" data-end=\"1045\">\n<p data-start=\"1009\" data-end=\"1045\"><strong data-start=\"1009\" data-end=\"1043\">M\u00e9todo comparativo de mercado.<\/strong><\/p>\n<\/li>\n<li data-start=\"1048\" data-end=\"1073\">\n<p data-start=\"1050\" data-end=\"1073\"><strong data-start=\"1050\" data-end=\"1071\">M\u00e9todo del costo.<\/strong><\/p>\n<\/li>\n<li data-start=\"1076\" data-end=\"1119\">\n<p data-start=\"1078\" data-end=\"1119\"><strong data-start=\"1078\" data-end=\"1117\">M\u00e9todo de capitalizaci\u00f3n de rentas.<\/strong><\/p>\n<\/li>\n<\/ul>\n<\/li>\n<li data-start=\"1120\" data-end=\"1189\">\n<p data-start=\"1122\" data-end=\"1189\">Aplicaci\u00f3n pr\u00e1ctica de cada m\u00e9todo en distintos tipos de inmuebles.<\/p>\n<\/li>\n<\/ul>\n<hr data-start=\"1191\" data-end=\"1194\" \/>\n<h2 data-start=\"1196\" data-end=\"1239\"><strong data-start=\"1199\" data-end=\"1239\">M\u00f3dulo 4: Tasaci\u00f3n de Bienes Urbanos<\/strong><\/h2>\n<ul data-start=\"1240\" data-end=\"1397\">\n<li data-start=\"1240\" data-end=\"1268\">\n<p data-start=\"1242\" data-end=\"1268\">Viviendas unifamiliares.<\/p>\n<\/li>\n<li data-start=\"1269\" data-end=\"1301\">\n<p data-start=\"1271\" data-end=\"1301\">Departamentos y condominios.<\/p>\n<\/li>\n<li data-start=\"1302\" data-end=\"1326\">\n<p data-start=\"1304\" data-end=\"1326\">Locales comerciales.<\/p>\n<\/li>\n<li data-start=\"1327\" data-end=\"1397\">\n<p data-start=\"1329\" data-end=\"1397\">Factores que afectan el valor urbano: ubicaci\u00f3n, servicios, entorno.<\/p>\n<\/li>\n<\/ul>\n<hr data-start=\"1399\" data-end=\"1402\" \/>\n<h2 data-start=\"1404\" data-end=\"1447\"><strong data-start=\"1407\" data-end=\"1447\">M\u00f3dulo 5: Tasaci\u00f3n de Bienes Rurales<\/strong><\/h2>\n<ul data-start=\"1448\" data-end=\"1642\">\n<li data-start=\"1448\" data-end=\"1493\">\n<p data-start=\"1450\" data-end=\"1493\">Caracter\u00edsticas de los inmuebles rurales.<\/p>\n<\/li>\n<li data-start=\"1494\" data-end=\"1534\">\n<p data-start=\"1496\" data-end=\"1534\">Suelo agr\u00edcola, forestal y ganadero.<\/p>\n<\/li>\n<li data-start=\"1535\" data-end=\"1610\">\n<p data-start=\"1537\" data-end=\"1610\">Variables: productividad, acceso a recursos, mejoras e infraestructura.<\/p>\n<\/li>\n<li data-start=\"1611\" data-end=\"1642\">\n<p data-start=\"1613\" data-end=\"1642\">Tasaci\u00f3n de campos y chacras.<\/p>\n<\/li>\n<\/ul>\n<hr data-start=\"1644\" data-end=\"1647\" \/>\n<h2 data-start=\"1649\" data-end=\"1698\"><strong data-start=\"1652\" data-end=\"1698\">M\u00f3dulo 6: Tasaci\u00f3n de Inmuebles Especiales<\/strong><\/h2>\n<ul data-start=\"1699\" data-end=\"1848\">\n<li data-start=\"1699\" data-end=\"1725\">\n<p data-start=\"1701\" data-end=\"1725\">Industrias y galpones.<\/p>\n<\/li>\n<li data-start=\"1726\" data-end=\"1763\">\n<p data-start=\"1728\" data-end=\"1763\">Hoteles y propiedades tur\u00edsticas.<\/p>\n<\/li>\n<li data-start=\"1764\" data-end=\"1801\">\n<p data-start=\"1766\" data-end=\"1801\">Terrenos bald\u00edos y en desarrollo.<\/p>\n<\/li>\n<li data-start=\"1802\" data-end=\"1848\">\n<p data-start=\"1804\" data-end=\"1848\">Bienes sujetos a expropiaci\u00f3n o servidumbre.<\/p>\n<\/li>\n<\/ul>\n<hr data-start=\"1850\" data-end=\"1853\" \/>\n<h2 data-start=\"1855\" data-end=\"1909\"><strong data-start=\"1858\" data-end=\"1909\">M\u00f3dulo 7: Herramientas y Fuentes de Informaci\u00f3n<\/strong><\/h2>\n<ul data-start=\"1910\" data-end=\"2130\">\n<li data-start=\"1910\" data-end=\"1982\">\n<p data-start=\"1912\" data-end=\"1982\">Uso de catastros, registros p\u00fablicos y bases de datos inmobiliarias.<\/p>\n<\/li>\n<li data-start=\"1983\" data-end=\"2015\">\n<p data-start=\"1985\" data-end=\"2015\">Relevamiento de comparables.<\/p>\n<\/li>\n<li data-start=\"2016\" data-end=\"2066\">\n<p data-start=\"2018\" data-end=\"2066\">Valoraci\u00f3n a trav\u00e9s de indicadores de mercado.<\/p>\n<\/li>\n<li data-start=\"2067\" data-end=\"2130\">\n<p data-start=\"2069\" data-end=\"2130\">Introducci\u00f3n a software y herramientas digitales de tasaci\u00f3n.<\/p>\n<\/li>\n<\/ul>\n<hr data-start=\"2132\" data-end=\"2135\" \/>\n<h2 data-start=\"2137\" data-end=\"2189\"><strong data-start=\"2140\" data-end=\"2189\">M\u00f3dulo 8: Elaboraci\u00f3n de Informes de Tasaci\u00f3n<\/strong><\/h2>\n<ul data-start=\"2190\" data-end=\"2371\">\n<li data-start=\"2190\" data-end=\"2227\">\n<p data-start=\"2192\" data-end=\"2227\">Estructura de un informe t\u00e9cnico.<\/p>\n<\/li>\n<li data-start=\"2228\" data-end=\"2259\">\n<p data-start=\"2230\" data-end=\"2259\">Redacci\u00f3n clara y objetiva.<\/p>\n<\/li>\n<li data-start=\"2260\" data-end=\"2320\">\n<p data-start=\"2262\" data-end=\"2320\">Inclusi\u00f3n de anexos, planos y documentaci\u00f3n de respaldo.<\/p>\n<\/li>\n<li data-start=\"2321\" data-end=\"2371\">\n<p data-start=\"2323\" data-end=\"2371\">Presentaci\u00f3n ante clientes, bancos o tribunales.<\/p>\n<\/li>\n<\/ul>\n<hr data-start=\"2373\" data-end=\"2376\" \/>\n<h2 data-start=\"2378\" data-end=\"2436\"><strong data-start=\"2381\" data-end=\"2436\">M\u00f3dulo 9: Aplicaciones Pr\u00e1cticas y Casos de Estudio<\/strong><\/h2>\n<ul data-start=\"2437\" data-end=\"2622\">\n<li data-start=\"2437\" data-end=\"2487\">\n<p data-start=\"2439\" data-end=\"2487\">Ejercicios de c\u00e1lculo y aplicaci\u00f3n de m\u00e9todos.<\/p>\n<\/li>\n<li data-start=\"2488\" data-end=\"2549\">\n<p data-start=\"2490\" data-end=\"2549\">Resoluci\u00f3n de casos reales urbanos, rurales y especiales.<\/p>\n<\/li>\n<li data-start=\"2550\" data-end=\"2585\">\n<p data-start=\"2552\" data-end=\"2585\">Taller de informes de tasaci\u00f3n.<\/p>\n<\/li>\n<li data-start=\"2586\" data-end=\"2622\">\n<p data-start=\"2588\" data-end=\"2622\">Simulaci\u00f3n de encargo profesional.<\/p>\n<\/li>\n<\/ul>\n<hr data-start=\"2624\" data-end=\"2627\" \/>\n<h2 data-start=\"2629\" data-end=\"2683\"><strong data-start=\"2632\" data-end=\"2683\">M\u00f3dulo 10: Tendencias y Desaf\u00edos en la Tasaci\u00f3n<\/strong><\/h2>\n<ul data-start=\"2684\" data-end=\"2893\">\n<li data-start=\"2684\" data-end=\"2745\">\n<p data-start=\"2686\" data-end=\"2745\">Impacto de la tecnolog\u00eda y el Big Data en las tasaciones.<\/p>\n<\/li>\n<li data-start=\"2746\" data-end=\"2783\">\n<p data-start=\"2748\" data-end=\"2783\">Tasaci\u00f3n online y automatizaci\u00f3n.<\/p>\n<\/li>\n<li data-start=\"2784\" data-end=\"2836\">\n<p data-start=\"2786\" data-end=\"2836\">Perspectivas del mercado inmobiliario argentino.<\/p>\n<\/li>\n<li data-start=\"2837\" data-end=\"2893\">\n<p data-start=\"2839\" data-end=\"2893\">El rol del tasador frente a escenarios inflacionarios.<\/p>\n<\/li>\n<\/ul>\n","protected":false},"excerpt":{"rendered":"<p><strong data-start=\"207\" data-end=\"229\">Duraci\u00f3n sugerida:<\/strong> 60 horas<br data-start=\"241\" data-end=\"244\" \/><strong data-start=\"244\" data-end=\"258\">Modalidad:<\/strong> 100% online asincr\u00f3nico<\/p>\n","protected":false},"featured_media":22660,"template":"","meta":{"_joinchat":[]},"product_brand":[],"product_cat":[204],"product_tag":[],"class_list":{"0":"post-22633","1":"product","2":"type-product","3":"status-publish","4":"has-post-thumbnail","6":"product_cat-curso-de-tasacion-inmobiliaria-en-argentina","8":"first","9":"instock","10":"sale","11":"shipping-taxable","12":"purchasable","13":"product-type-simple"},"yoast_head":"<!-- This site is optimized with the Yoast SEO plugin v25.8 - https:\/\/yoast.com\/wordpress\/plugins\/seo\/ -->\n<title>Curso de Tasaci\u00f3n Inmobiliaria en Argentina | Colegio Inmobiliario Argentina<\/title>\n<meta name=\"description\" content=\"Curso de Tasaci\u00f3n Inmobiliaria en Argentina\" \/>\n<meta name=\"robots\" content=\"index, follow, max-snippet:-1, max-image-preview:large, max-video-preview:-1\" \/>\n<link rel=\"canonical\" href=\"https:\/\/www.colegioinmobiliario.com\/argentina\/producto\/curso-de-tasacion-inmobiliaria-en-argentina\/\" \/>\n<meta property=\"og:locale\" content=\"es_ES\" \/>\n<meta property=\"og:type\" content=\"article\" \/>\n<meta property=\"og:title\" content=\"Curso de Tasaci\u00f3n Inmobiliaria en Argentina | Colegio Inmobiliario Argentina\" \/>\n<meta property=\"og:description\" content=\"Curso de Tasaci\u00f3n Inmobiliaria en Argentina\" \/>\n<meta property=\"og:url\" content=\"https:\/\/www.colegioinmobiliario.com\/argentina\/producto\/curso-de-tasacion-inmobiliaria-en-argentina\/\" \/>\n<meta property=\"og:site_name\" content=\"Colegio Inmobiliario Argentina\" \/>\n<meta property=\"article:modified_time\" content=\"2026-04-18T13:58:59+00:00\" \/>\n<meta property=\"og:image\" content=\"https:\/\/www.colegioinmobiliario.com\/argentina\/wp-content\/uploads\/2025\/08\/Curso-de-Tasacion-Inmobiliaria-en-Argentina.fw_.png\" \/>\n\t<meta property=\"og:image:width\" content=\"600\" \/>\n\t<meta property=\"og:image:height\" content=\"600\" \/>\n\t<meta property=\"og:image:type\" content=\"image\/png\" \/>\n<meta name=\"twitter:card\" content=\"summary_large_image\" \/>\n<meta name=\"twitter:label1\" content=\"Tiempo de lectura\" \/>\n\t<meta name=\"twitter:data1\" content=\"2 minutos\" \/>\n<script type=\"application\/ld+json\" class=\"yoast-schema-graph\">{\"@context\":\"https:\/\/schema.org\",\"@graph\":[{\"@type\":\"WebPage\",\"@id\":\"https:\/\/www.colegioinmobiliario.com\/argentina\/producto\/curso-de-tasacion-inmobiliaria-en-argentina\/\",\"url\":\"https:\/\/www.colegioinmobiliario.com\/argentina\/producto\/curso-de-tasacion-inmobiliaria-en-argentina\/\",\"name\":\"Curso de Tasaci\u00f3n Inmobiliaria en Argentina | Colegio Inmobiliario Argentina\",\"isPartOf\":{\"@id\":\"https:\/\/www.colegioinmobiliario.com\/argentina\/#website\"},\"primaryImageOfPage\":{\"@id\":\"https:\/\/www.colegioinmobiliario.com\/argentina\/producto\/curso-de-tasacion-inmobiliaria-en-argentina\/#primaryimage\"},\"image\":{\"@id\":\"https:\/\/www.colegioinmobiliario.com\/argentina\/producto\/curso-de-tasacion-inmobiliaria-en-argentina\/#primaryimage\"},\"thumbnailUrl\":\"https:\/\/www.colegioinmobiliario.com\/argentina\/wp-content\/uploads\/2025\/08\/Curso-de-Tasacion-Inmobiliaria-en-Argentina.fw_.png\",\"datePublished\":\"2025-08-31T23:37:23+00:00\",\"dateModified\":\"2026-04-18T13:58:59+00:00\",\"description\":\"Curso de Tasaci\u00f3n Inmobiliaria en Argentina\",\"breadcrumb\":{\"@id\":\"https:\/\/www.colegioinmobiliario.com\/argentina\/producto\/curso-de-tasacion-inmobiliaria-en-argentina\/#breadcrumb\"},\"inLanguage\":\"es\",\"potentialAction\":[{\"@type\":\"ReadAction\",\"target\":[\"https:\/\/www.colegioinmobiliario.com\/argentina\/producto\/curso-de-tasacion-inmobiliaria-en-argentina\/\"]}]},{\"@type\":\"ImageObject\",\"inLanguage\":\"es\",\"@id\":\"https:\/\/www.colegioinmobiliario.com\/argentina\/producto\/curso-de-tasacion-inmobiliaria-en-argentina\/#primaryimage\",\"url\":\"https:\/\/www.colegioinmobiliario.com\/argentina\/wp-content\/uploads\/2025\/08\/Curso-de-Tasacion-Inmobiliaria-en-Argentina.fw_.png\",\"contentUrl\":\"https:\/\/www.colegioinmobiliario.com\/argentina\/wp-content\/uploads\/2025\/08\/Curso-de-Tasacion-Inmobiliaria-en-Argentina.fw_.png\",\"width\":600,\"height\":600},{\"@type\":\"BreadcrumbList\",\"@id\":\"https:\/\/www.colegioinmobiliario.com\/argentina\/producto\/curso-de-tasacion-inmobiliaria-en-argentina\/#breadcrumb\",\"itemListElement\":[{\"@type\":\"ListItem\",\"position\":1,\"name\":\"Portada\",\"item\":\"https:\/\/www.colegioinmobiliario.com\/argentina\/\"},{\"@type\":\"ListItem\",\"position\":2,\"name\":\"Cat\u00e1logo de Cursos\",\"item\":\"https:\/\/www.colegioinmobiliario.com\/argentina\/catalogo-cursos\/\"},{\"@type\":\"ListItem\",\"position\":3,\"name\":\"Curso de Tasaci\u00f3n Inmobiliaria en Argentina\"}]},{\"@type\":\"WebSite\",\"@id\":\"https:\/\/www.colegioinmobiliario.com\/argentina\/#website\",\"url\":\"https:\/\/www.colegioinmobiliario.com\/argentina\/\",\"name\":\"Colegio Inmobiliario Argentina\",\"description\":\"Colegio Inmobiliario Argentina\",\"alternateName\":\"Colegio Inmobiliario Argentina\",\"potentialAction\":[{\"@type\":\"SearchAction\",\"target\":{\"@type\":\"EntryPoint\",\"urlTemplate\":\"https:\/\/www.colegioinmobiliario.com\/argentina\/?s={search_term_string}\"},\"query-input\":{\"@type\":\"PropertyValueSpecification\",\"valueRequired\":true,\"valueName\":\"search_term_string\"}}],\"inLanguage\":\"es\"}]}<\/script>\n<!-- \/ Yoast SEO plugin. -->","yoast_head_json":{"title":"Curso de Tasaci\u00f3n Inmobiliaria en Argentina | Colegio Inmobiliario Argentina","description":"Curso de Tasaci\u00f3n Inmobiliaria en Argentina","robots":{"index":"index","follow":"follow","max-snippet":"max-snippet:-1","max-image-preview":"max-image-preview:large","max-video-preview":"max-video-preview:-1"},"canonical":"https:\/\/www.colegioinmobiliario.com\/argentina\/producto\/curso-de-tasacion-inmobiliaria-en-argentina\/","og_locale":"es_ES","og_type":"article","og_title":"Curso de Tasaci\u00f3n Inmobiliaria en Argentina | Colegio Inmobiliario Argentina","og_description":"Curso de Tasaci\u00f3n Inmobiliaria en Argentina","og_url":"https:\/\/www.colegioinmobiliario.com\/argentina\/producto\/curso-de-tasacion-inmobiliaria-en-argentina\/","og_site_name":"Colegio Inmobiliario Argentina","article_modified_time":"2026-04-18T13:58:59+00:00","og_image":[{"width":600,"height":600,"url":"https:\/\/www.colegioinmobiliario.com\/argentina\/wp-content\/uploads\/2025\/08\/Curso-de-Tasacion-Inmobiliaria-en-Argentina.fw_.png","type":"image\/png"}],"twitter_card":"summary_large_image","twitter_misc":{"Tiempo de lectura":"2 minutos"},"schema":{"@context":"https:\/\/schema.org","@graph":[{"@type":"WebPage","@id":"https:\/\/www.colegioinmobiliario.com\/argentina\/producto\/curso-de-tasacion-inmobiliaria-en-argentina\/","url":"https:\/\/www.colegioinmobiliario.com\/argentina\/producto\/curso-de-tasacion-inmobiliaria-en-argentina\/","name":"Curso de Tasaci\u00f3n Inmobiliaria en Argentina | Colegio Inmobiliario Argentina","isPartOf":{"@id":"https:\/\/www.colegioinmobiliario.com\/argentina\/#website"},"primaryImageOfPage":{"@id":"https:\/\/www.colegioinmobiliario.com\/argentina\/producto\/curso-de-tasacion-inmobiliaria-en-argentina\/#primaryimage"},"image":{"@id":"https:\/\/www.colegioinmobiliario.com\/argentina\/producto\/curso-de-tasacion-inmobiliaria-en-argentina\/#primaryimage"},"thumbnailUrl":"https:\/\/www.colegioinmobiliario.com\/argentina\/wp-content\/uploads\/2025\/08\/Curso-de-Tasacion-Inmobiliaria-en-Argentina.fw_.png","datePublished":"2025-08-31T23:37:23+00:00","dateModified":"2026-04-18T13:58:59+00:00","description":"Curso de Tasaci\u00f3n Inmobiliaria en Argentina","breadcrumb":{"@id":"https:\/\/www.colegioinmobiliario.com\/argentina\/producto\/curso-de-tasacion-inmobiliaria-en-argentina\/#breadcrumb"},"inLanguage":"es","potentialAction":[{"@type":"ReadAction","target":["https:\/\/www.colegioinmobiliario.com\/argentina\/producto\/curso-de-tasacion-inmobiliaria-en-argentina\/"]}]},{"@type":"ImageObject","inLanguage":"es","@id":"https:\/\/www.colegioinmobiliario.com\/argentina\/producto\/curso-de-tasacion-inmobiliaria-en-argentina\/#primaryimage","url":"https:\/\/www.colegioinmobiliario.com\/argentina\/wp-content\/uploads\/2025\/08\/Curso-de-Tasacion-Inmobiliaria-en-Argentina.fw_.png","contentUrl":"https:\/\/www.colegioinmobiliario.com\/argentina\/wp-content\/uploads\/2025\/08\/Curso-de-Tasacion-Inmobiliaria-en-Argentina.fw_.png","width":600,"height":600},{"@type":"BreadcrumbList","@id":"https:\/\/www.colegioinmobiliario.com\/argentina\/producto\/curso-de-tasacion-inmobiliaria-en-argentina\/#breadcrumb","itemListElement":[{"@type":"ListItem","position":1,"name":"Portada","item":"https:\/\/www.colegioinmobiliario.com\/argentina\/"},{"@type":"ListItem","position":2,"name":"Cat\u00e1logo de Cursos","item":"https:\/\/www.colegioinmobiliario.com\/argentina\/catalogo-cursos\/"},{"@type":"ListItem","position":3,"name":"Curso de Tasaci\u00f3n Inmobiliaria en Argentina"}]},{"@type":"WebSite","@id":"https:\/\/www.colegioinmobiliario.com\/argentina\/#website","url":"https:\/\/www.colegioinmobiliario.com\/argentina\/","name":"Colegio Inmobiliario Argentina","description":"Colegio Inmobiliario Argentina","alternateName":"Colegio Inmobiliario Argentina","potentialAction":[{"@type":"SearchAction","target":{"@type":"EntryPoint","urlTemplate":"https:\/\/www.colegioinmobiliario.com\/argentina\/?s={search_term_string}"},"query-input":{"@type":"PropertyValueSpecification","valueRequired":true,"valueName":"search_term_string"}}],"inLanguage":"es"}]}},"_links":{"self":[{"href":"https:\/\/www.colegioinmobiliario.com\/argentina\/wp-json\/wp\/v2\/product\/22633","targetHints":{"allow":["GET"]}}],"collection":[{"href":"https:\/\/www.colegioinmobiliario.com\/argentina\/wp-json\/wp\/v2\/product"}],"about":[{"href":"https:\/\/www.colegioinmobiliario.com\/argentina\/wp-json\/wp\/v2\/types\/product"}],"wp:featuredmedia":[{"embeddable":true,"href":"https:\/\/www.colegioinmobiliario.com\/argentina\/wp-json\/wp\/v2\/media\/22660"}],"wp:attachment":[{"href":"https:\/\/www.colegioinmobiliario.com\/argentina\/wp-json\/wp\/v2\/media?parent=22633"}],"wp:term":[{"taxonomy":"product_brand","embeddable":true,"href":"https:\/\/www.colegioinmobiliario.com\/argentina\/wp-json\/wp\/v2\/product_brand?post=22633"},{"taxonomy":"product_cat","embeddable":true,"href":"https:\/\/www.colegioinmobiliario.com\/argentina\/wp-json\/wp\/v2\/product_cat?post=22633"},{"taxonomy":"product_tag","embeddable":true,"href":"https:\/\/www.colegioinmobiliario.com\/argentina\/wp-json\/wp\/v2\/product_tag?post=22633"}],"curies":[{"name":"wp","href":"https:\/\/api.w.org\/{rel}","templated":true}]}}