{"id":137362,"date":"2025-07-06T17:18:20","date_gmt":"2025-07-06T21:18:20","guid":{"rendered":"https:\/\/www.colegioinmobiliario.com\/clases\/?page_id=137362"},"modified":"2025-07-06T19:53:10","modified_gmt":"2025-07-06T23:53:10","slug":"acceso-estudiantes","status":"publish","type":"page","link":"https:\/\/www.colegioinmobiliario.com\/clases\/acceso-estudiantes\/","title":{"rendered":"Acceso Estudiantes"},"content":{"rendered":"<p><center><form name=\"formulario-login\" id=\"formulario-login\" action=\"https:\/\/www.colegioinmobiliario.com\/clases\/wp-login.php\" method=\"post\"><input id=\"learndash-login-form\" type=\"hidden\" name=\"learndash-login-form\" value=\"a61317c6ee\" \/><p class=\"login-username\">\n\t\t\t\t<label for=\"user_login\">Correo Electr\u00f3nico<\/label>\n\t\t\t\t<input type=\"text\" name=\"log\" id=\"user_login\" autocomplete=\"username\" class=\"input\" value=\"\" size=\"20\" \/>\n\t\t\t<\/p><p class=\"login-password\">\n\t\t\t\t<label for=\"user_pass\">Contrase\u00f1a<\/label>\n\t\t\t\t<input type=\"password\" name=\"pwd\" id=\"user_pass\" autocomplete=\"current-password\" spellcheck=\"false\" class=\"input\" value=\"\" size=\"20\" \/>\n\t\t\t<\/p><p class=\"login-remember\"><label><input name=\"rememberme\" type=\"checkbox\" id=\"rememberme\" value=\"forever\" \/> Recu\u00e9rdame<\/label><\/p><p class=\"login-submit\">\n\t\t\t\t<input type=\"submit\" name=\"wp-submit\" id=\"wp-submit\" class=\"button button-primary\" value=\"Iniciar Sesi\u00f3n\" \/>\n\t\t\t\t<input type=\"hidden\" name=\"redirect_to\" value=\"https:\/\/www.colegioinmobiliario.com\/clases\" \/>\n\t\t\t<\/p><\/form>\n\t\t\t\n\t\t\t<p style=\"margin-top: 10px; text-align: center;\">\n\t\t\t\t<a href=\"https:\/\/www.colegioinmobiliario.com\/clases\/wp-login.php?action=lostpassword\">\u00bfOlvidaste tu contrase\u00f1a?<\/a>\n\t\t\t<\/p>\n\t\t\t<script>\n\t\t\t\tjQuery(\"label[for='user_login']\").after(\"<br>\");\n\t\t\t\tjQuery(\"label[for='user_pass']\").after(\"<br>\");\n\t\t\t<\/script>\n\t\t\n\t\t<\/center><\/p>\n","protected":false},"excerpt":{"rendered":"Correo Electr\u00f3nico Contrase\u00f1a Recu\u00e9rdame \u00bfOlvidaste tu contrase\u00f1a?","protected":false},"author":1,"featured_media":0,"parent":0,"menu_order":0,"comment_status":"closed","ping_status":"closed","template":"","meta":{"_bbp_topic_count":0,"_bbp_reply_count":0,"_bbp_total_topic_count":0,"_bbp_total_reply_count":0,"_bbp_voice_count":0,"_bbp_anonymous_reply_count":0,"_bbp_topic_count_hidden":0,"_bbp_reply_count_hidden":0,"_bbp_forum_subforum_count":0,"footnotes":""},"class_list":["post-137362","page","type-page","status-publish","hentry"],"_links":{"self":[{"href":"https:\/\/www.colegioinmobiliario.com\/clases\/wp-json\/wp\/v2\/pages\/137362","targetHints":{"allow":["GET"]}}],"collection":[{"href":"https:\/\/www.colegioinmobiliario.com\/clases\/wp-json\/wp\/v2\/pages"}],"about":[{"href":"https:\/\/www.colegioinmobiliario.com\/clases\/wp-json\/wp\/v2\/types\/page"}],"author":[{"embeddable":true,"href":"https:\/\/www.colegioinmobiliario.com\/clases\/wp-json\/wp\/v2\/users\/1"}],"replies":[{"embeddable":true,"href":"https:\/\/www.colegioinmobiliario.com\/clases\/wp-json\/wp\/v2\/comments?post=137362"}],"version-history":[{"count":20,"href":"https:\/\/www.colegioinmobiliario.com\/clases\/wp-json\/wp\/v2\/pages\/137362\/revisions"}],"predecessor-version":[{"id":137386,"href":"https:\/\/www.colegioinmobiliario.com\/clases\/wp-json\/wp\/v2\/pages\/137362\/revisions\/137386"}],"wp:attachment":[{"href":"https:\/\/www.colegioinmobiliario.com\/clases\/wp-json\/wp\/v2\/media?parent=137362"}],"curies":[{"name":"wp","href":"https:\/\/api.w.org\/{rel}","templated":true}]}}