{"id":22634,"date":"2025-09-01T11:44:13","date_gmt":"2025-09-01T15:44:13","guid":{"rendered":"https:\/\/www.colegioinmobiliario.com\/costa-rica\/?post_type=product&#038;p=22634"},"modified":"2026-04-18T10:24:26","modified_gmt":"2026-04-18T14:24:26","slug":"curso-gestor-en-bienes-raices-y-agente-inmobiliario","status":"publish","type":"product","link":"https:\/\/www.colegioinmobiliario.com\/costa-rica\/producto\/curso-gestor-en-bienes-raices-y-agente-inmobiliario\/","title":{"rendered":"Curso Gestor en Bienes Ra\u00edces y Agente Inmobiliario"},"content":{"rendered":"<h2 data-start=\"362\" data-end=\"416\"><strong data-start=\"365\" data-end=\"414\">M\u00f3dulo 1. Introducci\u00f3n al Sector Inmobiliario<\/strong><\/h2>\n<ul data-start=\"417\" data-end=\"625\">\n<li data-start=\"417\" data-end=\"456\">\n<p data-start=\"419\" data-end=\"456\">Conceptos b\u00e1sicos de bienes ra\u00edces.<\/p>\n<\/li>\n<li data-start=\"457\" data-end=\"507\">\n<p data-start=\"459\" data-end=\"507\">Historia y evoluci\u00f3n del mercado inmobiliario.<\/p>\n<\/li>\n<li data-start=\"508\" data-end=\"561\">\n<p data-start=\"510\" data-end=\"561\">Marco legal y normativo en Chile y Latinoam\u00e9rica.<\/p>\n<\/li>\n<li data-start=\"562\" data-end=\"625\">\n<p data-start=\"564\" data-end=\"625\">Rol del agente y gestor inmobiliario en la econom\u00eda actual.<\/p>\n<\/li>\n<\/ul>\n<hr data-start=\"627\" data-end=\"630\" \/>\n<h2 data-start=\"632\" data-end=\"689\"><strong data-start=\"635\" data-end=\"687\">M\u00f3dulo 2. Legislaci\u00f3n y Normativas Inmobiliarias<\/strong><\/h2>\n<ul data-start=\"690\" data-end=\"885\">\n<li data-start=\"690\" data-end=\"739\">\n<p data-start=\"692\" data-end=\"739\">Ley de Copropiedad Inmobiliaria (Ley 21.442).<\/p>\n<\/li>\n<li data-start=\"740\" data-end=\"792\">\n<p data-start=\"742\" data-end=\"792\">Leyes y reglamentos de urbanismo y construcci\u00f3n.<\/p>\n<\/li>\n<li data-start=\"793\" data-end=\"838\">\n<p data-start=\"795\" data-end=\"838\">Normativa sobre corretaje de propiedades.<\/p>\n<\/li>\n<li data-start=\"839\" data-end=\"885\">\n<p data-start=\"841\" data-end=\"885\">Responsabilidad legal y \u00e9tica profesional.<\/p>\n<\/li>\n<\/ul>\n<hr data-start=\"887\" data-end=\"890\" \/>\n<h2 data-start=\"892\" data-end=\"952\"><strong data-start=\"895\" data-end=\"950\">M\u00f3dulo 3. Administraci\u00f3n y Gesti\u00f3n de Bienes Ra\u00edces<\/strong><\/h2>\n<ul data-start=\"953\" data-end=\"1186\">\n<li data-start=\"953\" data-end=\"1024\">\n<p data-start=\"955\" data-end=\"1024\">Tipolog\u00edas de inmuebles (residenciales, comerciales, industriales).<\/p>\n<\/li>\n<li data-start=\"1025\" data-end=\"1080\">\n<p data-start=\"1027\" data-end=\"1080\">Gesti\u00f3n de arriendos y administraci\u00f3n de contratos.<\/p>\n<\/li>\n<li data-start=\"1081\" data-end=\"1123\">\n<p data-start=\"1083\" data-end=\"1123\">Evaluaci\u00f3n de proyectos inmobiliarios.<\/p>\n<\/li>\n<li data-start=\"1124\" data-end=\"1186\">\n<p data-start=\"1126\" data-end=\"1186\">Herramientas de administraci\u00f3n de condominios y edificios.<\/p>\n<\/li>\n<\/ul>\n<hr data-start=\"1188\" data-end=\"1191\" \/>\n<h2 data-start=\"1193\" data-end=\"1248\"><strong data-start=\"1196\" data-end=\"1246\">M\u00f3dulo 4. Tasaci\u00f3n y Valoraci\u00f3n de Propiedades<\/strong><\/h2>\n<ul data-start=\"1249\" data-end=\"1442\">\n<li data-start=\"1249\" data-end=\"1301\">\n<p data-start=\"1251\" data-end=\"1301\">M\u00e9todos de tasaci\u00f3n: comparativo, costo y renta.<\/p>\n<\/li>\n<li data-start=\"1302\" data-end=\"1351\">\n<p data-start=\"1304\" data-end=\"1351\">Factores que afectan el valor de un inmueble.<\/p>\n<\/li>\n<li data-start=\"1352\" data-end=\"1401\">\n<p data-start=\"1354\" data-end=\"1401\">Uso de software y herramientas de valoraci\u00f3n.<\/p>\n<\/li>\n<li data-start=\"1402\" data-end=\"1442\">\n<p data-start=\"1404\" data-end=\"1442\">Elaboraci\u00f3n de informes de tasaci\u00f3n.<\/p>\n<\/li>\n<\/ul>\n<hr data-start=\"1444\" data-end=\"1447\" \/>\n<h2 data-start=\"1449\" data-end=\"1500\"><strong data-start=\"1452\" data-end=\"1498\">M\u00f3dulo 5. Marketing y Ventas Inmobiliarias<\/strong><\/h2>\n<ul data-start=\"1501\" data-end=\"1730\">\n<li data-start=\"1501\" data-end=\"1556\">\n<p data-start=\"1503\" data-end=\"1556\">Estrategias de captaci\u00f3n de clientes y propiedades.<\/p>\n<\/li>\n<li data-start=\"1557\" data-end=\"1604\">\n<p data-start=\"1559\" data-end=\"1604\">T\u00e9cnicas de negociaci\u00f3n y cierre de ventas.<\/p>\n<\/li>\n<li data-start=\"1605\" data-end=\"1679\">\n<p data-start=\"1607\" data-end=\"1679\">Publicidad inmobiliaria: portales, redes sociales y marketing digital.<\/p>\n<\/li>\n<li data-start=\"1680\" data-end=\"1730\">\n<p data-start=\"1682\" data-end=\"1730\">Imagen y comunicaci\u00f3n del agente inmobiliario.<\/p>\n<\/li>\n<\/ul>\n<hr data-start=\"1732\" data-end=\"1735\" \/>\n<h2 data-start=\"1737\" data-end=\"1789\"><strong data-start=\"1740\" data-end=\"1787\">M\u00f3dulo 6. Finanzas e Inversi\u00f3n Inmobiliaria<\/strong><\/h2>\n<ul data-start=\"1790\" data-end=\"2029\">\n<li data-start=\"1790\" data-end=\"1836\">\n<p data-start=\"1792\" data-end=\"1836\">Fundamentos de financiamiento hipotecario.<\/p>\n<\/li>\n<li data-start=\"1837\" data-end=\"1901\">\n<p data-start=\"1839\" data-end=\"1901\">C\u00e1lculo de rentabilidad y riesgo en proyectos inmobiliarios.<\/p>\n<\/li>\n<li data-start=\"1902\" data-end=\"1977\">\n<p data-start=\"1904\" data-end=\"1977\">Fondos de inversi\u00f3n inmobiliaria y nuevos instrumentos (REITs, tokens).<\/p>\n<\/li>\n<li data-start=\"1978\" data-end=\"2029\">\n<p data-start=\"1980\" data-end=\"2029\">Asesor\u00eda al cliente en decisiones de inversi\u00f3n.<\/p>\n<\/li>\n<\/ul>\n<hr data-start=\"2031\" data-end=\"2034\" \/>\n<h2 data-start=\"2036\" data-end=\"2104\"><strong data-start=\"2039\" data-end=\"2102\">M\u00f3dulo 7. Innovaci\u00f3n y Tecnolog\u00eda en el Sector Inmobiliario<\/strong><\/h2>\n<ul data-start=\"2105\" data-end=\"2289\">\n<li data-start=\"2105\" data-end=\"2148\">\n<p data-start=\"2107\" data-end=\"2148\">Proptech y digitalizaci\u00f3n inmobiliaria.<\/p>\n<\/li>\n<li data-start=\"2149\" data-end=\"2185\">\n<p data-start=\"2151\" data-end=\"2185\">Plataformas de corretaje online.<\/p>\n<\/li>\n<li data-start=\"2186\" data-end=\"2232\">\n<p data-start=\"2188\" data-end=\"2232\">Herramientas de gesti\u00f3n de clientes (CRM).<\/p>\n<\/li>\n<li data-start=\"2233\" data-end=\"2289\">\n<p data-start=\"2235\" data-end=\"2289\">Inteligencia artificial y Big Data en bienes ra\u00edces.<\/p>\n<\/li>\n<\/ul>\n<hr data-start=\"2291\" data-end=\"2294\" \/>\n<h2 data-start=\"2296\" data-end=\"2369\"><strong data-start=\"2299\" data-end=\"2367\">M\u00f3dulo 8. \u00c9tica, Responsabilidad Social y Desarrollo Profesional<\/strong><\/h2>\n<ul data-start=\"2370\" data-end=\"2605\">\n<li data-start=\"2370\" data-end=\"2421\">\n<p data-start=\"2372\" data-end=\"2421\">Principios de \u00e9tica en la gesti\u00f3n inmobiliaria.<\/p>\n<\/li>\n<li data-start=\"2422\" data-end=\"2487\">\n<p data-start=\"2424\" data-end=\"2487\">Responsabilidad social y sostenibilidad en proyectos urbanos.<\/p>\n<\/li>\n<li data-start=\"2488\" data-end=\"2556\">\n<p data-start=\"2490\" data-end=\"2556\">Desarrollo profesional continuo: certificaciones y asociaciones.<\/p>\n<\/li>\n<li data-start=\"2557\" data-end=\"2605\">\n<p data-start=\"2559\" data-end=\"2605\">Networking y construcci\u00f3n de marca personal.<\/p>\n<\/li>\n<\/ul>\n<hr data-start=\"2607\" data-end=\"2610\" \/>\n<h2 data-start=\"2612\" data-end=\"2659\"><strong data-start=\"2615\" data-end=\"2657\">Evaluaci\u00f3n Final y Proyecto Integrador<\/strong><\/h2>\n<ul data-start=\"2660\" data-end=\"2853\">\n<li data-start=\"2660\" data-end=\"2759\">\n<p data-start=\"2662\" data-end=\"2759\">An\u00e1lisis de caso: gesti\u00f3n completa de una propiedad desde la captaci\u00f3n hasta la venta\/arriendo.<\/p>\n<\/li>\n<li data-start=\"2760\" data-end=\"2811\">\n<p data-start=\"2762\" data-end=\"2811\">Presentaci\u00f3n de un plan comercial inmobiliario.<\/p>\n<\/li>\n<li data-start=\"2812\" data-end=\"2853\">\n<p data-start=\"2814\" data-end=\"2853\">Examen online de contenidos te\u00f3ricos.<\/p>\n<\/li>\n<\/ul>\n","protected":false},"excerpt":{"rendered":"<p><strong data-start=\"255\" data-end=\"277\">Duraci\u00f3n sugerida:<\/strong> 70 horas<br data-start=\"286\" data-end=\"289\" \/><strong data-start=\"289\" data-end=\"303\">Modalidad:<\/strong> 100% online asincr\u00f3nico<\/p>\n","protected":false},"featured_media":22658,"template":"","meta":{"_joinchat":[]},"product_brand":[],"product_cat":[203],"product_tag":[],"class_list":{"0":"post-22634","1":"product","2":"type-product","3":"status-publish","4":"has-post-thumbnail","6":"product_cat-curso-gestor-en-bienes-raices-y-agente-inmobiliario","8":"first","9":"instock","10":"sale","11":"shipping-taxable","12":"purchasable","13":"product-type-simple"},"yoast_head":"<!-- This site is optimized with the Yoast SEO plugin v25.8 - https:\/\/yoast.com\/wordpress\/plugins\/seo\/ -->\n<title>Curso Gestor en Bienes Ra\u00edces y Agente Inmobiliario | Colegio Inmobiliario Costarrica<\/title>\n<meta name=\"description\" content=\"Curso Gestor en Bienes Ra\u00edces y Agente Inmobiliario\" \/>\n<meta name=\"robots\" content=\"index, follow, max-snippet:-1, max-image-preview:large, max-video-preview:-1\" \/>\n<link rel=\"canonical\" href=\"https:\/\/www.colegioinmobiliario.com\/costa-rica\/producto\/curso-gestor-en-bienes-raices-y-agente-inmobiliario\/\" \/>\n<meta property=\"og:locale\" content=\"es_ES\" \/>\n<meta property=\"og:type\" content=\"article\" \/>\n<meta property=\"og:title\" content=\"Curso Gestor en Bienes Ra\u00edces y Agente Inmobiliario | Colegio Inmobiliario Costarrica\" \/>\n<meta property=\"og:description\" content=\"Curso Gestor en Bienes Ra\u00edces y Agente Inmobiliario\" \/>\n<meta property=\"og:url\" content=\"https:\/\/www.colegioinmobiliario.com\/costa-rica\/producto\/curso-gestor-en-bienes-raices-y-agente-inmobiliario\/\" \/>\n<meta property=\"og:site_name\" content=\"Colegio Inmobiliario Costarrica\" \/>\n<meta property=\"article:modified_time\" content=\"2026-04-18T14:24:26+00:00\" \/>\n<meta property=\"og:image\" content=\"https:\/\/www.colegioinmobiliario.com\/costa-rica\/wp-content\/uploads\/2025\/09\/Curso-Gestor-en-Bienes-Raices-y-Agente-Inmobiliario.fw_.png\" \/>\n\t<meta property=\"og:image:width\" content=\"600\" \/>\n\t<meta property=\"og:image:height\" content=\"600\" \/>\n\t<meta property=\"og:image:type\" content=\"image\/png\" \/>\n<meta name=\"twitter:card\" content=\"summary_large_image\" \/>\n<meta name=\"twitter:label1\" content=\"Tiempo de lectura\" \/>\n\t<meta name=\"twitter:data1\" content=\"2 minutos\" \/>\n<script type=\"application\/ld+json\" class=\"yoast-schema-graph\">{\"@context\":\"https:\/\/schema.org\",\"@graph\":[{\"@type\":\"WebPage\",\"@id\":\"https:\/\/www.colegioinmobiliario.com\/costa-rica\/producto\/curso-gestor-en-bienes-raices-y-agente-inmobiliario\/\",\"url\":\"https:\/\/www.colegioinmobiliario.com\/costa-rica\/producto\/curso-gestor-en-bienes-raices-y-agente-inmobiliario\/\",\"name\":\"Curso Gestor en Bienes Ra\u00edces y Agente Inmobiliario | Colegio Inmobiliario Costarrica\",\"isPartOf\":{\"@id\":\"https:\/\/www.colegioinmobiliario.com\/costa-rica\/#website\"},\"primaryImageOfPage\":{\"@id\":\"https:\/\/www.colegioinmobiliario.com\/costa-rica\/producto\/curso-gestor-en-bienes-raices-y-agente-inmobiliario\/#primaryimage\"},\"image\":{\"@id\":\"https:\/\/www.colegioinmobiliario.com\/costa-rica\/producto\/curso-gestor-en-bienes-raices-y-agente-inmobiliario\/#primaryimage\"},\"thumbnailUrl\":\"https:\/\/www.colegioinmobiliario.com\/costa-rica\/wp-content\/uploads\/2025\/09\/Curso-Gestor-en-Bienes-Raices-y-Agente-Inmobiliario.fw_.png\",\"datePublished\":\"2025-09-01T15:44:13+00:00\",\"dateModified\":\"2026-04-18T14:24:26+00:00\",\"description\":\"Curso Gestor en Bienes Ra\u00edces y Agente Inmobiliario\",\"breadcrumb\":{\"@id\":\"https:\/\/www.colegioinmobiliario.com\/costa-rica\/producto\/curso-gestor-en-bienes-raices-y-agente-inmobiliario\/#breadcrumb\"},\"inLanguage\":\"es\",\"potentialAction\":[{\"@type\":\"ReadAction\",\"target\":[\"https:\/\/www.colegioinmobiliario.com\/costa-rica\/producto\/curso-gestor-en-bienes-raices-y-agente-inmobiliario\/\"]}]},{\"@type\":\"ImageObject\",\"inLanguage\":\"es\",\"@id\":\"https:\/\/www.colegioinmobiliario.com\/costa-rica\/producto\/curso-gestor-en-bienes-raices-y-agente-inmobiliario\/#primaryimage\",\"url\":\"https:\/\/www.colegioinmobiliario.com\/costa-rica\/wp-content\/uploads\/2025\/09\/Curso-Gestor-en-Bienes-Raices-y-Agente-Inmobiliario.fw_.png\",\"contentUrl\":\"https:\/\/www.colegioinmobiliario.com\/costa-rica\/wp-content\/uploads\/2025\/09\/Curso-Gestor-en-Bienes-Raices-y-Agente-Inmobiliario.fw_.png\",\"width\":600,\"height\":600},{\"@type\":\"BreadcrumbList\",\"@id\":\"https:\/\/www.colegioinmobiliario.com\/costa-rica\/producto\/curso-gestor-en-bienes-raices-y-agente-inmobiliario\/#breadcrumb\",\"itemListElement\":[{\"@type\":\"ListItem\",\"position\":1,\"name\":\"Portada\",\"item\":\"https:\/\/www.colegioinmobiliario.com\/costa-rica\/\"},{\"@type\":\"ListItem\",\"position\":2,\"name\":\"Cat\u00e1logo de Cursos\",\"item\":\"https:\/\/www.colegioinmobiliario.com\/costa-rica\/catalogo-cursos\/\"},{\"@type\":\"ListItem\",\"position\":3,\"name\":\"Curso Gestor en Bienes Ra\u00edces y Agente Inmobiliario\"}]},{\"@type\":\"WebSite\",\"@id\":\"https:\/\/www.colegioinmobiliario.com\/costa-rica\/#website\",\"url\":\"https:\/\/www.colegioinmobiliario.com\/costa-rica\/\",\"name\":\"Colegio Inmobiliario Costarrica\",\"description\":\"Colegio Inmobiliario Costarrica\",\"alternateName\":\"Colegio Inmobiliario Costarrica\",\"potentialAction\":[{\"@type\":\"SearchAction\",\"target\":{\"@type\":\"EntryPoint\",\"urlTemplate\":\"https:\/\/www.colegioinmobiliario.com\/costa-rica\/?s={search_term_string}\"},\"query-input\":{\"@type\":\"PropertyValueSpecification\",\"valueRequired\":true,\"valueName\":\"search_term_string\"}}],\"inLanguage\":\"es\"}]}<\/script>\n<!-- \/ Yoast SEO plugin. -->","yoast_head_json":{"title":"Curso Gestor en Bienes Ra\u00edces y Agente Inmobiliario | Colegio Inmobiliario Costarrica","description":"Curso Gestor en Bienes Ra\u00edces y Agente Inmobiliario","robots":{"index":"index","follow":"follow","max-snippet":"max-snippet:-1","max-image-preview":"max-image-preview:large","max-video-preview":"max-video-preview:-1"},"canonical":"https:\/\/www.colegioinmobiliario.com\/costa-rica\/producto\/curso-gestor-en-bienes-raices-y-agente-inmobiliario\/","og_locale":"es_ES","og_type":"article","og_title":"Curso Gestor en Bienes Ra\u00edces y Agente Inmobiliario | Colegio Inmobiliario Costarrica","og_description":"Curso Gestor en Bienes Ra\u00edces y Agente Inmobiliario","og_url":"https:\/\/www.colegioinmobiliario.com\/costa-rica\/producto\/curso-gestor-en-bienes-raices-y-agente-inmobiliario\/","og_site_name":"Colegio Inmobiliario Costarrica","article_modified_time":"2026-04-18T14:24:26+00:00","og_image":[{"width":600,"height":600,"url":"https:\/\/www.colegioinmobiliario.com\/costa-rica\/wp-content\/uploads\/2025\/09\/Curso-Gestor-en-Bienes-Raices-y-Agente-Inmobiliario.fw_.png","type":"image\/png"}],"twitter_card":"summary_large_image","twitter_misc":{"Tiempo de lectura":"2 minutos"},"schema":{"@context":"https:\/\/schema.org","@graph":[{"@type":"WebPage","@id":"https:\/\/www.colegioinmobiliario.com\/costa-rica\/producto\/curso-gestor-en-bienes-raices-y-agente-inmobiliario\/","url":"https:\/\/www.colegioinmobiliario.com\/costa-rica\/producto\/curso-gestor-en-bienes-raices-y-agente-inmobiliario\/","name":"Curso Gestor en Bienes Ra\u00edces y Agente Inmobiliario | Colegio Inmobiliario Costarrica","isPartOf":{"@id":"https:\/\/www.colegioinmobiliario.com\/costa-rica\/#website"},"primaryImageOfPage":{"@id":"https:\/\/www.colegioinmobiliario.com\/costa-rica\/producto\/curso-gestor-en-bienes-raices-y-agente-inmobiliario\/#primaryimage"},"image":{"@id":"https:\/\/www.colegioinmobiliario.com\/costa-rica\/producto\/curso-gestor-en-bienes-raices-y-agente-inmobiliario\/#primaryimage"},"thumbnailUrl":"https:\/\/www.colegioinmobiliario.com\/costa-rica\/wp-content\/uploads\/2025\/09\/Curso-Gestor-en-Bienes-Raices-y-Agente-Inmobiliario.fw_.png","datePublished":"2025-09-01T15:44:13+00:00","dateModified":"2026-04-18T14:24:26+00:00","description":"Curso Gestor en Bienes Ra\u00edces y Agente Inmobiliario","breadcrumb":{"@id":"https:\/\/www.colegioinmobiliario.com\/costa-rica\/producto\/curso-gestor-en-bienes-raices-y-agente-inmobiliario\/#breadcrumb"},"inLanguage":"es","potentialAction":[{"@type":"ReadAction","target":["https:\/\/www.colegioinmobiliario.com\/costa-rica\/producto\/curso-gestor-en-bienes-raices-y-agente-inmobiliario\/"]}]},{"@type":"ImageObject","inLanguage":"es","@id":"https:\/\/www.colegioinmobiliario.com\/costa-rica\/producto\/curso-gestor-en-bienes-raices-y-agente-inmobiliario\/#primaryimage","url":"https:\/\/www.colegioinmobiliario.com\/costa-rica\/wp-content\/uploads\/2025\/09\/Curso-Gestor-en-Bienes-Raices-y-Agente-Inmobiliario.fw_.png","contentUrl":"https:\/\/www.colegioinmobiliario.com\/costa-rica\/wp-content\/uploads\/2025\/09\/Curso-Gestor-en-Bienes-Raices-y-Agente-Inmobiliario.fw_.png","width":600,"height":600},{"@type":"BreadcrumbList","@id":"https:\/\/www.colegioinmobiliario.com\/costa-rica\/producto\/curso-gestor-en-bienes-raices-y-agente-inmobiliario\/#breadcrumb","itemListElement":[{"@type":"ListItem","position":1,"name":"Portada","item":"https:\/\/www.colegioinmobiliario.com\/costa-rica\/"},{"@type":"ListItem","position":2,"name":"Cat\u00e1logo de Cursos","item":"https:\/\/www.colegioinmobiliario.com\/costa-rica\/catalogo-cursos\/"},{"@type":"ListItem","position":3,"name":"Curso Gestor en Bienes Ra\u00edces y Agente Inmobiliario"}]},{"@type":"WebSite","@id":"https:\/\/www.colegioinmobiliario.com\/costa-rica\/#website","url":"https:\/\/www.colegioinmobiliario.com\/costa-rica\/","name":"Colegio Inmobiliario Costarrica","description":"Colegio Inmobiliario Costarrica","alternateName":"Colegio Inmobiliario Costarrica","potentialAction":[{"@type":"SearchAction","target":{"@type":"EntryPoint","urlTemplate":"https:\/\/www.colegioinmobiliario.com\/costa-rica\/?s={search_term_string}"},"query-input":{"@type":"PropertyValueSpecification","valueRequired":true,"valueName":"search_term_string"}}],"inLanguage":"es"}]}},"_links":{"self":[{"href":"https:\/\/www.colegioinmobiliario.com\/costa-rica\/wp-json\/wp\/v2\/product\/22634","targetHints":{"allow":["GET"]}}],"collection":[{"href":"https:\/\/www.colegioinmobiliario.com\/costa-rica\/wp-json\/wp\/v2\/product"}],"about":[{"href":"https:\/\/www.colegioinmobiliario.com\/costa-rica\/wp-json\/wp\/v2\/types\/product"}],"wp:featuredmedia":[{"embeddable":true,"href":"https:\/\/www.colegioinmobiliario.com\/costa-rica\/wp-json\/wp\/v2\/media\/22658"}],"wp:attachment":[{"href":"https:\/\/www.colegioinmobiliario.com\/costa-rica\/wp-json\/wp\/v2\/media?parent=22634"}],"wp:term":[{"taxonomy":"product_brand","embeddable":true,"href":"https:\/\/www.colegioinmobiliario.com\/costa-rica\/wp-json\/wp\/v2\/product_brand?post=22634"},{"taxonomy":"product_cat","embeddable":true,"href":"https:\/\/www.colegioinmobiliario.com\/costa-rica\/wp-json\/wp\/v2\/product_cat?post=22634"},{"taxonomy":"product_tag","embeddable":true,"href":"https:\/\/www.colegioinmobiliario.com\/costa-rica\/wp-json\/wp\/v2\/product_tag?post=22634"}],"curies":[{"name":"wp","href":"https:\/\/api.w.org\/{rel}","templated":true}]}}