{"id":22638,"date":"2025-09-01T11:58:59","date_gmt":"2025-09-01T15:58:59","guid":{"rendered":"https:\/\/www.colegioinmobiliario.com\/costa-rica\/?post_type=product&#038;p=22638"},"modified":"2026-04-18T10:22:54","modified_gmt":"2026-04-18T14:22:54","slug":"curso-derecho-inmobiliario-en-costa-rica","status":"publish","type":"product","link":"https:\/\/www.colegioinmobiliario.com\/costa-rica\/producto\/curso-derecho-inmobiliario-en-costa-rica\/","title":{"rendered":"Curso Derecho Inmobiliario en Costa Rica"},"content":{"rendered":"<h2 data-start=\"419\" data-end=\"488\"><strong data-start=\"422\" data-end=\"486\">M\u00f3dulo 1. Introducci\u00f3n al Derecho Inmobiliario Costarricense<\/strong><\/h2>\n<ul data-start=\"489\" data-end=\"715\">\n<li data-start=\"489\" data-end=\"537\">\n<p data-start=\"491\" data-end=\"537\">Concepto y alcance del derecho inmobiliario.<\/p>\n<\/li>\n<li data-start=\"538\" data-end=\"595\">\n<p data-start=\"540\" data-end=\"595\">Rol del Registro Nacional y el sistema de folio real.<\/p>\n<\/li>\n<li data-start=\"596\" data-end=\"661\">\n<p data-start=\"598\" data-end=\"661\">Principios registrales: publicidad, prioridad y legitimaci\u00f3n.<\/p>\n<\/li>\n<li data-start=\"662\" data-end=\"715\">\n<p data-start=\"664\" data-end=\"715\">Derechos reales y su aplicaci\u00f3n en bienes ra\u00edces.<\/p>\n<\/li>\n<\/ul>\n<hr data-start=\"717\" data-end=\"720\" \/>\n<h2 data-start=\"722\" data-end=\"783\"><strong data-start=\"725\" data-end=\"781\">M\u00f3dulo 2. Propiedad y R\u00e9gimen Legal de los Inmuebles<\/strong><\/h2>\n<ul data-start=\"784\" data-end=\"1061\">\n<li data-start=\"784\" data-end=\"859\">\n<p data-start=\"786\" data-end=\"859\">Tipos de propiedad en Costa Rica: individual, copropiedad y condominio.<\/p>\n<\/li>\n<li data-start=\"860\" data-end=\"955\">\n<p data-start=\"862\" data-end=\"955\">R\u00e9gimen de bienes en copropiedad horizontal (Ley Reguladora de la Propiedad en Condominio).<\/p>\n<\/li>\n<li data-start=\"956\" data-end=\"1008\">\n<p data-start=\"958\" data-end=\"1008\">Derechos y limitaciones de la propiedad privada.<\/p>\n<\/li>\n<li data-start=\"1009\" data-end=\"1061\">\n<p data-start=\"1011\" data-end=\"1061\">Servidumbres, usufructo y otros derechos reales.<\/p>\n<\/li>\n<\/ul>\n<hr data-start=\"1063\" data-end=\"1066\" \/>\n<h2 data-start=\"1068\" data-end=\"1110\"><strong data-start=\"1071\" data-end=\"1108\">M\u00f3dulo 3. Contratos Inmobiliarios<\/strong><\/h2>\n<ul data-start=\"1111\" data-end=\"1312\">\n<li data-start=\"1111\" data-end=\"1152\">\n<p data-start=\"1113\" data-end=\"1152\">Contrato de compraventa inmobiliaria.<\/p>\n<\/li>\n<li data-start=\"1153\" data-end=\"1222\">\n<p data-start=\"1155\" data-end=\"1222\">Contratos de arrendamiento: marco legal, derechos y obligaciones.<\/p>\n<\/li>\n<li data-start=\"1223\" data-end=\"1259\">\n<p data-start=\"1225\" data-end=\"1259\">Promesa u opci\u00f3n de compraventa.<\/p>\n<\/li>\n<li data-start=\"1260\" data-end=\"1312\">\n<p data-start=\"1262\" data-end=\"1312\">Contratos con extranjeros y aspectos notariales.<\/p>\n<\/li>\n<\/ul>\n<hr data-start=\"1314\" data-end=\"1317\" \/>\n<h2 data-start=\"1319\" data-end=\"1371\"><strong data-start=\"1322\" data-end=\"1369\">M\u00f3dulo 4. Aspectos Registrales y Notariales<\/strong><\/h2>\n<ul data-start=\"1372\" data-end=\"1576\">\n<li data-start=\"1372\" data-end=\"1436\">\n<p data-start=\"1374\" data-end=\"1436\">Proceso de inscripci\u00f3n de inmuebles en el Registro Nacional.<\/p>\n<\/li>\n<li data-start=\"1437\" data-end=\"1483\">\n<p data-start=\"1439\" data-end=\"1483\">Escrituras p\u00fablicas y funci\u00f3n del notario.<\/p>\n<\/li>\n<li data-start=\"1484\" data-end=\"1528\">\n<p data-start=\"1486\" data-end=\"1528\">Estudio registral y due diligence legal.<\/p>\n<\/li>\n<li data-start=\"1529\" data-end=\"1576\">\n<p data-start=\"1531\" data-end=\"1576\">Casos pr\u00e1cticos de verificaci\u00f3n de t\u00edtulos.<\/p>\n<\/li>\n<\/ul>\n<hr data-start=\"1578\" data-end=\"1581\" \/>\n<h2 data-start=\"1583\" data-end=\"1639\"><strong data-start=\"1586\" data-end=\"1637\">M\u00f3dulo 5. Financiamiento y Aspectos Tributarios<\/strong><\/h2>\n<ul data-start=\"1640\" data-end=\"2005\">\n<li data-start=\"1640\" data-end=\"1706\">\n<p data-start=\"1642\" data-end=\"1706\">Cr\u00e9dito hipotecario en Costa Rica: regulaci\u00f3n y procedimiento.<\/p>\n<\/li>\n<li data-start=\"1707\" data-end=\"1759\">\n<p data-start=\"1709\" data-end=\"1759\">Contratos de hipoteca y garant\u00edas inmobiliarias.<\/p>\n<\/li>\n<li data-start=\"1760\" data-end=\"1938\">\n<p data-start=\"1762\" data-end=\"1813\">Principales impuestos aplicables a bienes ra\u00edces:<\/p>\n<ul data-start=\"1816\" data-end=\"1938\">\n<li data-start=\"1816\" data-end=\"1852\">\n<p data-start=\"1818\" data-end=\"1852\">Impuesto sobre Bienes Inmuebles.<\/p>\n<\/li>\n<li data-start=\"1855\" data-end=\"1900\">\n<p data-start=\"1857\" data-end=\"1900\">Impuesto de Traspaso de Bienes Inmuebles.<\/p>\n<\/li>\n<li data-start=\"1903\" data-end=\"1938\">\n<p data-start=\"1905\" data-end=\"1938\">IVA en servicios inmobiliarios.<\/p>\n<\/li>\n<\/ul>\n<\/li>\n<li data-start=\"1939\" data-end=\"2005\">\n<p data-start=\"1941\" data-end=\"2005\">Obligaciones tributarias del comprador, vendedor y arrendador.<\/p>\n<\/li>\n<\/ul>\n<hr data-start=\"2007\" data-end=\"2010\" \/>\n<h2 data-start=\"2012\" data-end=\"2081\"><strong data-start=\"2015\" data-end=\"2079\">M\u00f3dulo 6. Urbanismo, Uso del Suelo y Regulaciones Especiales<\/strong><\/h2>\n<ul data-start=\"2082\" data-end=\"2301\">\n<li data-start=\"2082\" data-end=\"2134\">\n<p data-start=\"2084\" data-end=\"2134\">Planificaci\u00f3n urbana y permisos de construcci\u00f3n.<\/p>\n<\/li>\n<li data-start=\"2135\" data-end=\"2180\">\n<p data-start=\"2137\" data-end=\"2180\">Uso del suelo y regulaciones municipales.<\/p>\n<\/li>\n<li data-start=\"2181\" data-end=\"2239\">\n<p data-start=\"2183\" data-end=\"2239\">Zonas mar\u00edtimo-terrestres y sus restricciones legales.<\/p>\n<\/li>\n<li data-start=\"2240\" data-end=\"2301\">\n<p data-start=\"2242\" data-end=\"2301\">Propiedad de extranjeros en zonas costeras y fronterizas.<\/p>\n<\/li>\n<\/ul>\n<hr data-start=\"2303\" data-end=\"2306\" \/>\n<h2 data-start=\"2308\" data-end=\"2365\"><strong data-start=\"2311\" data-end=\"2363\">M\u00f3dulo 7. Resoluci\u00f3n de Conflictos Inmobiliarios<\/strong><\/h2>\n<ul data-start=\"2366\" data-end=\"2635\">\n<li data-start=\"2366\" data-end=\"2438\">\n<p data-start=\"2368\" data-end=\"2438\">Procedimientos judiciales y administrativos en materia inmobiliaria.<\/p>\n<\/li>\n<li data-start=\"2439\" data-end=\"2517\">\n<p data-start=\"2441\" data-end=\"2517\">Conflictos frecuentes: linderos, servidumbres, incumplimiento contractual.<\/p>\n<\/li>\n<li data-start=\"2518\" data-end=\"2571\">\n<p data-start=\"2520\" data-end=\"2571\">Mediaci\u00f3n y arbitraje inmobiliario en Costa Rica.<\/p>\n<\/li>\n<li data-start=\"2572\" data-end=\"2635\">\n<p data-start=\"2574\" data-end=\"2635\">Responsabilidad civil y penal en la actividad inmobiliaria.<\/p>\n<\/li>\n<\/ul>\n","protected":false},"excerpt":{"rendered":"<p><strong data-start=\"217\" data-end=\"239\">Duraci\u00f3n sugerida:<\/strong> 70 horas<br data-start=\"253\" data-end=\"256\" \/><strong data-start=\"256\" data-end=\"270\">Modalidad:<\/strong> Online asincr\u00f3nico<\/p>\n","protected":false},"featured_media":22654,"template":"","meta":{"_joinchat":[]},"product_brand":[],"product_cat":[206],"product_tag":[],"class_list":{"0":"post-22638","1":"product","2":"type-product","3":"status-publish","4":"has-post-thumbnail","6":"product_cat-curso-derecho-inmobiliario-en-costa-rica","8":"first","9":"instock","10":"sale","11":"shipping-taxable","12":"purchasable","13":"product-type-simple"},"yoast_head":"<!-- This site is optimized with the Yoast SEO plugin v25.8 - https:\/\/yoast.com\/wordpress\/plugins\/seo\/ -->\n<title>Curso Derecho Inmobiliario en Costa Rica | Colegio Inmobiliario Costarrica<\/title>\n<meta name=\"description\" content=\"Curso Derecho Inmobiliario en Costa Rica\" \/>\n<meta name=\"robots\" content=\"index, follow, max-snippet:-1, max-image-preview:large, max-video-preview:-1\" \/>\n<link rel=\"canonical\" href=\"https:\/\/www.colegioinmobiliario.com\/costa-rica\/producto\/curso-derecho-inmobiliario-en-costa-rica\/\" \/>\n<meta property=\"og:locale\" content=\"es_ES\" \/>\n<meta property=\"og:type\" content=\"article\" \/>\n<meta property=\"og:title\" content=\"Curso Derecho Inmobiliario en Costa Rica | Colegio Inmobiliario Costarrica\" \/>\n<meta property=\"og:description\" content=\"Curso Derecho Inmobiliario en Costa Rica\" \/>\n<meta property=\"og:url\" content=\"https:\/\/www.colegioinmobiliario.com\/costa-rica\/producto\/curso-derecho-inmobiliario-en-costa-rica\/\" \/>\n<meta property=\"og:site_name\" content=\"Colegio Inmobiliario Costarrica\" \/>\n<meta property=\"article:modified_time\" content=\"2026-04-18T14:22:54+00:00\" \/>\n<meta property=\"og:image\" content=\"https:\/\/www.colegioinmobiliario.com\/costa-rica\/wp-content\/uploads\/2025\/09\/Curso-Derecho-Inmobiliario-en-Costa-Rica.png\" \/>\n\t<meta property=\"og:image:width\" content=\"600\" \/>\n\t<meta property=\"og:image:height\" content=\"600\" \/>\n\t<meta property=\"og:image:type\" content=\"image\/png\" \/>\n<meta name=\"twitter:card\" content=\"summary_large_image\" \/>\n<meta name=\"twitter:label1\" content=\"Tiempo de lectura\" \/>\n\t<meta name=\"twitter:data1\" content=\"2 minutos\" \/>\n<script type=\"application\/ld+json\" class=\"yoast-schema-graph\">{\"@context\":\"https:\/\/schema.org\",\"@graph\":[{\"@type\":\"WebPage\",\"@id\":\"https:\/\/www.colegioinmobiliario.com\/costa-rica\/producto\/curso-derecho-inmobiliario-en-costa-rica\/\",\"url\":\"https:\/\/www.colegioinmobiliario.com\/costa-rica\/producto\/curso-derecho-inmobiliario-en-costa-rica\/\",\"name\":\"Curso Derecho Inmobiliario en Costa Rica | Colegio Inmobiliario Costarrica\",\"isPartOf\":{\"@id\":\"https:\/\/www.colegioinmobiliario.com\/costa-rica\/#website\"},\"primaryImageOfPage\":{\"@id\":\"https:\/\/www.colegioinmobiliario.com\/costa-rica\/producto\/curso-derecho-inmobiliario-en-costa-rica\/#primaryimage\"},\"image\":{\"@id\":\"https:\/\/www.colegioinmobiliario.com\/costa-rica\/producto\/curso-derecho-inmobiliario-en-costa-rica\/#primaryimage\"},\"thumbnailUrl\":\"https:\/\/www.colegioinmobiliario.com\/costa-rica\/wp-content\/uploads\/2025\/09\/Curso-Derecho-Inmobiliario-en-Costa-Rica.png\",\"datePublished\":\"2025-09-01T15:58:59+00:00\",\"dateModified\":\"2026-04-18T14:22:54+00:00\",\"description\":\"Curso Derecho Inmobiliario en Costa Rica\",\"breadcrumb\":{\"@id\":\"https:\/\/www.colegioinmobiliario.com\/costa-rica\/producto\/curso-derecho-inmobiliario-en-costa-rica\/#breadcrumb\"},\"inLanguage\":\"es\",\"potentialAction\":[{\"@type\":\"ReadAction\",\"target\":[\"https:\/\/www.colegioinmobiliario.com\/costa-rica\/producto\/curso-derecho-inmobiliario-en-costa-rica\/\"]}]},{\"@type\":\"ImageObject\",\"inLanguage\":\"es\",\"@id\":\"https:\/\/www.colegioinmobiliario.com\/costa-rica\/producto\/curso-derecho-inmobiliario-en-costa-rica\/#primaryimage\",\"url\":\"https:\/\/www.colegioinmobiliario.com\/costa-rica\/wp-content\/uploads\/2025\/09\/Curso-Derecho-Inmobiliario-en-Costa-Rica.png\",\"contentUrl\":\"https:\/\/www.colegioinmobiliario.com\/costa-rica\/wp-content\/uploads\/2025\/09\/Curso-Derecho-Inmobiliario-en-Costa-Rica.png\",\"width\":600,\"height\":600},{\"@type\":\"BreadcrumbList\",\"@id\":\"https:\/\/www.colegioinmobiliario.com\/costa-rica\/producto\/curso-derecho-inmobiliario-en-costa-rica\/#breadcrumb\",\"itemListElement\":[{\"@type\":\"ListItem\",\"position\":1,\"name\":\"Portada\",\"item\":\"https:\/\/www.colegioinmobiliario.com\/costa-rica\/\"},{\"@type\":\"ListItem\",\"position\":2,\"name\":\"Cat\u00e1logo de Cursos\",\"item\":\"https:\/\/www.colegioinmobiliario.com\/costa-rica\/catalogo-cursos\/\"},{\"@type\":\"ListItem\",\"position\":3,\"name\":\"Curso Derecho Inmobiliario en Costa Rica\"}]},{\"@type\":\"WebSite\",\"@id\":\"https:\/\/www.colegioinmobiliario.com\/costa-rica\/#website\",\"url\":\"https:\/\/www.colegioinmobiliario.com\/costa-rica\/\",\"name\":\"Colegio Inmobiliario Costarrica\",\"description\":\"Colegio Inmobiliario Costarrica\",\"alternateName\":\"Colegio Inmobiliario Costarrica\",\"potentialAction\":[{\"@type\":\"SearchAction\",\"target\":{\"@type\":\"EntryPoint\",\"urlTemplate\":\"https:\/\/www.colegioinmobiliario.com\/costa-rica\/?s={search_term_string}\"},\"query-input\":{\"@type\":\"PropertyValueSpecification\",\"valueRequired\":true,\"valueName\":\"search_term_string\"}}],\"inLanguage\":\"es\"}]}<\/script>\n<!-- \/ Yoast SEO plugin. -->","yoast_head_json":{"title":"Curso Derecho Inmobiliario en Costa Rica | Colegio Inmobiliario Costarrica","description":"Curso Derecho Inmobiliario en Costa Rica","robots":{"index":"index","follow":"follow","max-snippet":"max-snippet:-1","max-image-preview":"max-image-preview:large","max-video-preview":"max-video-preview:-1"},"canonical":"https:\/\/www.colegioinmobiliario.com\/costa-rica\/producto\/curso-derecho-inmobiliario-en-costa-rica\/","og_locale":"es_ES","og_type":"article","og_title":"Curso Derecho Inmobiliario en Costa Rica | Colegio Inmobiliario Costarrica","og_description":"Curso Derecho Inmobiliario en Costa Rica","og_url":"https:\/\/www.colegioinmobiliario.com\/costa-rica\/producto\/curso-derecho-inmobiliario-en-costa-rica\/","og_site_name":"Colegio Inmobiliario Costarrica","article_modified_time":"2026-04-18T14:22:54+00:00","og_image":[{"width":600,"height":600,"url":"https:\/\/www.colegioinmobiliario.com\/costa-rica\/wp-content\/uploads\/2025\/09\/Curso-Derecho-Inmobiliario-en-Costa-Rica.png","type":"image\/png"}],"twitter_card":"summary_large_image","twitter_misc":{"Tiempo de lectura":"2 minutos"},"schema":{"@context":"https:\/\/schema.org","@graph":[{"@type":"WebPage","@id":"https:\/\/www.colegioinmobiliario.com\/costa-rica\/producto\/curso-derecho-inmobiliario-en-costa-rica\/","url":"https:\/\/www.colegioinmobiliario.com\/costa-rica\/producto\/curso-derecho-inmobiliario-en-costa-rica\/","name":"Curso Derecho Inmobiliario en Costa Rica | Colegio Inmobiliario Costarrica","isPartOf":{"@id":"https:\/\/www.colegioinmobiliario.com\/costa-rica\/#website"},"primaryImageOfPage":{"@id":"https:\/\/www.colegioinmobiliario.com\/costa-rica\/producto\/curso-derecho-inmobiliario-en-costa-rica\/#primaryimage"},"image":{"@id":"https:\/\/www.colegioinmobiliario.com\/costa-rica\/producto\/curso-derecho-inmobiliario-en-costa-rica\/#primaryimage"},"thumbnailUrl":"https:\/\/www.colegioinmobiliario.com\/costa-rica\/wp-content\/uploads\/2025\/09\/Curso-Derecho-Inmobiliario-en-Costa-Rica.png","datePublished":"2025-09-01T15:58:59+00:00","dateModified":"2026-04-18T14:22:54+00:00","description":"Curso Derecho Inmobiliario en Costa Rica","breadcrumb":{"@id":"https:\/\/www.colegioinmobiliario.com\/costa-rica\/producto\/curso-derecho-inmobiliario-en-costa-rica\/#breadcrumb"},"inLanguage":"es","potentialAction":[{"@type":"ReadAction","target":["https:\/\/www.colegioinmobiliario.com\/costa-rica\/producto\/curso-derecho-inmobiliario-en-costa-rica\/"]}]},{"@type":"ImageObject","inLanguage":"es","@id":"https:\/\/www.colegioinmobiliario.com\/costa-rica\/producto\/curso-derecho-inmobiliario-en-costa-rica\/#primaryimage","url":"https:\/\/www.colegioinmobiliario.com\/costa-rica\/wp-content\/uploads\/2025\/09\/Curso-Derecho-Inmobiliario-en-Costa-Rica.png","contentUrl":"https:\/\/www.colegioinmobiliario.com\/costa-rica\/wp-content\/uploads\/2025\/09\/Curso-Derecho-Inmobiliario-en-Costa-Rica.png","width":600,"height":600},{"@type":"BreadcrumbList","@id":"https:\/\/www.colegioinmobiliario.com\/costa-rica\/producto\/curso-derecho-inmobiliario-en-costa-rica\/#breadcrumb","itemListElement":[{"@type":"ListItem","position":1,"name":"Portada","item":"https:\/\/www.colegioinmobiliario.com\/costa-rica\/"},{"@type":"ListItem","position":2,"name":"Cat\u00e1logo de Cursos","item":"https:\/\/www.colegioinmobiliario.com\/costa-rica\/catalogo-cursos\/"},{"@type":"ListItem","position":3,"name":"Curso Derecho Inmobiliario en Costa Rica"}]},{"@type":"WebSite","@id":"https:\/\/www.colegioinmobiliario.com\/costa-rica\/#website","url":"https:\/\/www.colegioinmobiliario.com\/costa-rica\/","name":"Colegio Inmobiliario Costarrica","description":"Colegio Inmobiliario Costarrica","alternateName":"Colegio Inmobiliario Costarrica","potentialAction":[{"@type":"SearchAction","target":{"@type":"EntryPoint","urlTemplate":"https:\/\/www.colegioinmobiliario.com\/costa-rica\/?s={search_term_string}"},"query-input":{"@type":"PropertyValueSpecification","valueRequired":true,"valueName":"search_term_string"}}],"inLanguage":"es"}]}},"_links":{"self":[{"href":"https:\/\/www.colegioinmobiliario.com\/costa-rica\/wp-json\/wp\/v2\/product\/22638","targetHints":{"allow":["GET"]}}],"collection":[{"href":"https:\/\/www.colegioinmobiliario.com\/costa-rica\/wp-json\/wp\/v2\/product"}],"about":[{"href":"https:\/\/www.colegioinmobiliario.com\/costa-rica\/wp-json\/wp\/v2\/types\/product"}],"wp:featuredmedia":[{"embeddable":true,"href":"https:\/\/www.colegioinmobiliario.com\/costa-rica\/wp-json\/wp\/v2\/media\/22654"}],"wp:attachment":[{"href":"https:\/\/www.colegioinmobiliario.com\/costa-rica\/wp-json\/wp\/v2\/media?parent=22638"}],"wp:term":[{"taxonomy":"product_brand","embeddable":true,"href":"https:\/\/www.colegioinmobiliario.com\/costa-rica\/wp-json\/wp\/v2\/product_brand?post=22638"},{"taxonomy":"product_cat","embeddable":true,"href":"https:\/\/www.colegioinmobiliario.com\/costa-rica\/wp-json\/wp\/v2\/product_cat?post=22638"},{"taxonomy":"product_tag","embeddable":true,"href":"https:\/\/www.colegioinmobiliario.com\/costa-rica\/wp-json\/wp\/v2\/product_tag?post=22638"}],"curies":[{"name":"wp","href":"https:\/\/api.w.org\/{rel}","templated":true}]}}