{"id":22650,"date":"2025-10-09T19:08:25","date_gmt":"2025-10-09T22:08:25","guid":{"rendered":"https:\/\/www.colegioinmobiliario.com\/nicaragua\/?post_type=product&#038;p=22650"},"modified":"2026-04-18T10:28:20","modified_gmt":"2026-04-18T14:28:20","slug":"curso-introduccion-al-sector-inmobiliario-en-nicaragua","status":"publish","type":"product","link":"https:\/\/www.colegioinmobiliario.com\/nicaragua\/producto\/curso-introduccion-al-sector-inmobiliario-en-nicaragua\/","title":{"rendered":"Curso Introducci\u00f3n al Sector Inmobiliario en Nicaragua"},"content":{"rendered":"<h3 data-start=\"1285\" data-end=\"1349\"><strong data-start=\"1289\" data-end=\"1349\">M\u00f3dulo 1. Panorama del Mercado Inmobiliario en Nicaragua<\/strong><\/h3>\n<ul data-start=\"1350\" data-end=\"1620\">\n<li data-start=\"1350\" data-end=\"1419\">\n<p data-start=\"1352\" data-end=\"1419\">Introducci\u00f3n a los bienes ra\u00edces y su importancia en la econom\u00eda.<\/p>\n<\/li>\n<li data-start=\"1420\" data-end=\"1485\">\n<p data-start=\"1422\" data-end=\"1485\">Evoluci\u00f3n y tendencias del mercado inmobiliario en Nicaragua.<\/p>\n<\/li>\n<li data-start=\"1486\" data-end=\"1566\">\n<p data-start=\"1488\" data-end=\"1566\">Tipos de propiedades: residenciales, comerciales, industriales y tur\u00edsticas.<\/p>\n<\/li>\n<li data-start=\"1567\" data-end=\"1620\">\n<p data-start=\"1569\" data-end=\"1620\">Oportunidades de negocio y desarrollo del sector.<\/p>\n<\/li>\n<\/ul>\n<hr data-start=\"1745\" data-end=\"1748\" \/>\n<h3 data-start=\"1750\" data-end=\"1807\"><strong data-start=\"1754\" data-end=\"1807\">M\u00f3dulo 2. Actores y Roles del Sector Inmobiliario<\/strong><\/h3>\n<ul data-start=\"1808\" data-end=\"2077\">\n<li data-start=\"1808\" data-end=\"1907\">\n<p data-start=\"1810\" data-end=\"1907\">Qui\u00e9nes intervienen en el mercado: corredores, asesores, promotores, inversionistas y clientes.<\/p>\n<\/li>\n<li data-start=\"1908\" data-end=\"1948\">\n<p data-start=\"1910\" data-end=\"1948\">Funciones de un agente inmobiliario.<\/p>\n<\/li>\n<li data-start=\"1949\" data-end=\"2018\">\n<p data-start=\"1951\" data-end=\"2018\">Perfiles y competencias necesarias para ejercer profesionalmente.<\/p>\n<\/li>\n<li data-start=\"2019\" data-end=\"2077\">\n<p data-start=\"2021\" data-end=\"2077\">Relaci\u00f3n entre los actores y su impacto en el mercado.<\/p>\n<\/li>\n<\/ul>\n<hr data-start=\"2210\" data-end=\"2213\" \/>\n<h3 data-start=\"2215\" data-end=\"2270\"><strong data-start=\"2219\" data-end=\"2270\">M\u00f3dulo 3. Principios del Corretaje Inmobiliario<\/strong><\/h3>\n<ul data-start=\"2271\" data-end=\"2526\">\n<li data-start=\"2271\" data-end=\"2312\">\n<p data-start=\"2273\" data-end=\"2312\">Definici\u00f3n y objetivos del corretaje.<\/p>\n<\/li>\n<li data-start=\"2313\" data-end=\"2398\">\n<p data-start=\"2315\" data-end=\"2398\">Etapas del proceso de intermediaci\u00f3n: captaci\u00f3n, promoci\u00f3n, negociaci\u00f3n y cierre.<\/p>\n<\/li>\n<li data-start=\"2399\" data-end=\"2461\">\n<p data-start=\"2401\" data-end=\"2461\">Buenas pr\u00e1cticas en la atenci\u00f3n al cliente y fidelizaci\u00f3n.<\/p>\n<\/li>\n<li data-start=\"2462\" data-end=\"2526\">\n<p data-start=\"2464\" data-end=\"2526\">\u00c9tica profesional y responsabilidad del agente inmobiliario.<\/p>\n<\/li>\n<\/ul>\n<hr data-start=\"2644\" data-end=\"2647\" \/>\n<h3 data-start=\"2649\" data-end=\"2697\"><strong data-start=\"2653\" data-end=\"2697\">M\u00f3dulo 4. Aspectos Legales Fundamentales<\/strong><\/h3>\n<ul data-start=\"2698\" data-end=\"2969\">\n<li data-start=\"2698\" data-end=\"2758\">\n<p data-start=\"2700\" data-end=\"2758\">Marco legal b\u00e1sico del sector inmobiliario en Nicaragua.<\/p>\n<\/li>\n<li data-start=\"2759\" data-end=\"2828\">\n<p data-start=\"2761\" data-end=\"2828\">Derechos de propiedad y obligaciones del propietario e inquilino.<\/p>\n<\/li>\n<li data-start=\"2829\" data-end=\"2896\">\n<p data-start=\"2831\" data-end=\"2896\">Contratos de compraventa y arrendamiento: elementos esenciales.<\/p>\n<\/li>\n<li data-start=\"2897\" data-end=\"2969\">\n<p data-start=\"2899\" data-end=\"2969\">Tr\u00e1mites b\u00e1sicos ante el registro de la propiedad y municipalidades.<\/p>\n<\/li>\n<\/ul>\n<hr data-start=\"3092\" data-end=\"3095\" \/>\n<h3 data-start=\"3097\" data-end=\"3161\"><strong data-start=\"3101\" data-end=\"3161\">M\u00f3dulo 5. Introducci\u00f3n a la Promoci\u00f3n y Comercializaci\u00f3n<\/strong><\/h3>\n<ul data-start=\"3162\" data-end=\"3374\">\n<li data-start=\"3162\" data-end=\"3212\">\n<p data-start=\"3164\" data-end=\"3212\">Principios b\u00e1sicos del marketing inmobiliario.<\/p>\n<\/li>\n<li data-start=\"3213\" data-end=\"3256\">\n<p data-start=\"3215\" data-end=\"3256\">T\u00e9cnicas de promoci\u00f3n para propiedades.<\/p>\n<\/li>\n<li data-start=\"3257\" data-end=\"3315\">\n<p data-start=\"3259\" data-end=\"3315\">Canales tradicionales y digitales de comercializaci\u00f3n.<\/p>\n<\/li>\n<li data-start=\"3316\" data-end=\"3374\">\n<p data-start=\"3318\" data-end=\"3374\">Atenci\u00f3n al cliente y cierre de operaciones iniciales.<\/p>\n<\/li>\n<\/ul>\n<hr data-start=\"3494\" data-end=\"3497\" \/>\n<h3 data-start=\"3499\" data-end=\"3551\"><strong data-start=\"3503\" data-end=\"3551\">M\u00f3dulo 6. Oportunidades de Inversi\u00f3n B\u00e1sicas<\/strong><\/h3>\n<ul data-start=\"3552\" data-end=\"3771\">\n<li data-start=\"3552\" data-end=\"3602\">\n<p data-start=\"3554\" data-end=\"3602\">Conceptos iniciales de inversi\u00f3n inmobiliaria.<\/p>\n<\/li>\n<li data-start=\"3603\" data-end=\"3674\">\n<p data-start=\"3605\" data-end=\"3674\">Rentabilidad b\u00e1sica y factores que afectan el valor de un inmueble.<\/p>\n<\/li>\n<li data-start=\"3675\" data-end=\"3728\">\n<p data-start=\"3677\" data-end=\"3728\">Sectores emergentes y oportunidades en Nicaragua.<\/p>\n<\/li>\n<li data-start=\"3729\" data-end=\"3771\">\n<p data-start=\"3731\" data-end=\"3771\">Riesgos comunes y c\u00f3mo identificarlos.<\/p>\n<\/li>\n<\/ul>\n","protected":false},"excerpt":{"rendered":"<p><strong data-start=\"289\" data-end=\"303\">Duraci\u00f3n:\u00a0<\/strong>40 horas<strong data-start=\"289\" data-end=\"303\"><br \/>\n<\/strong><strong data-start=\"289\" data-end=\"303\">Modalidad:<\/strong>\u00a0100% online asincr\u00f3nica<\/p>\n","protected":false},"featured_media":22659,"template":"","meta":[],"product_brand":[],"product_cat":[203],"product_tag":[],"class_list":{"0":"post-22650","1":"product","2":"type-product","3":"status-publish","4":"has-post-thumbnail","6":"product_cat-curso-introduccion-al-sector-inmobiliario-en-nicaragua","8":"first","9":"instock","10":"sale","11":"shipping-taxable","12":"purchasable","13":"product-type-simple"},"yoast_head":"<!-- This site is optimized with the Yoast SEO plugin v25.8 - https:\/\/yoast.com\/wordpress\/plugins\/seo\/ -->\n<title>Curso Introducci\u00f3n al Sector Inmobiliario en Nicaragua | Colegio Inmobiliario Nicaragua<\/title>\n<meta name=\"robots\" content=\"index, follow, max-snippet:-1, max-image-preview:large, max-video-preview:-1\" \/>\n<link rel=\"canonical\" href=\"https:\/\/www.colegioinmobiliario.com\/nicaragua\/producto\/curso-introduccion-al-sector-inmobiliario-en-nicaragua\/\" \/>\n<meta property=\"og:locale\" content=\"es_ES\" \/>\n<meta property=\"og:type\" content=\"article\" \/>\n<meta property=\"og:title\" content=\"Curso Introducci\u00f3n al Sector Inmobiliario en Nicaragua | Colegio Inmobiliario Nicaragua\" \/>\n<meta property=\"og:description\" content=\"Duraci\u00f3n:\u00a040 horas Modalidad:\u00a0100% online asincr\u00f3nica\" \/>\n<meta property=\"og:url\" content=\"https:\/\/www.colegioinmobiliario.com\/nicaragua\/producto\/curso-introduccion-al-sector-inmobiliario-en-nicaragua\/\" \/>\n<meta property=\"og:site_name\" content=\"Colegio Inmobiliario Nicaragua\" \/>\n<meta property=\"article:modified_time\" content=\"2026-04-18T14:28:20+00:00\" \/>\n<meta property=\"og:image\" content=\"https:\/\/www.colegioinmobiliario.com\/nicaragua\/wp-content\/uploads\/2025\/10\/Curso-Introduccion-al-Sector-Inmobiliario-en-Nicaragua.fw_.png\" \/>\n\t<meta property=\"og:image:width\" content=\"600\" \/>\n\t<meta property=\"og:image:height\" content=\"600\" \/>\n\t<meta property=\"og:image:type\" content=\"image\/png\" \/>\n<meta name=\"twitter:card\" content=\"summary_large_image\" \/>\n<meta name=\"twitter:label1\" content=\"Tiempo de lectura\" \/>\n\t<meta name=\"twitter:data1\" content=\"2 minutos\" \/>\n<script type=\"application\/ld+json\" class=\"yoast-schema-graph\">{\"@context\":\"https:\/\/schema.org\",\"@graph\":[{\"@type\":\"WebPage\",\"@id\":\"https:\/\/www.colegioinmobiliario.com\/nicaragua\/producto\/curso-introduccion-al-sector-inmobiliario-en-nicaragua\/\",\"url\":\"https:\/\/www.colegioinmobiliario.com\/nicaragua\/producto\/curso-introduccion-al-sector-inmobiliario-en-nicaragua\/\",\"name\":\"Curso Introducci\u00f3n al Sector Inmobiliario en Nicaragua | Colegio Inmobiliario Nicaragua\",\"isPartOf\":{\"@id\":\"https:\/\/www.colegioinmobiliario.com\/nicaragua\/#website\"},\"primaryImageOfPage\":{\"@id\":\"https:\/\/www.colegioinmobiliario.com\/nicaragua\/producto\/curso-introduccion-al-sector-inmobiliario-en-nicaragua\/#primaryimage\"},\"image\":{\"@id\":\"https:\/\/www.colegioinmobiliario.com\/nicaragua\/producto\/curso-introduccion-al-sector-inmobiliario-en-nicaragua\/#primaryimage\"},\"thumbnailUrl\":\"https:\/\/www.colegioinmobiliario.com\/nicaragua\/wp-content\/uploads\/2025\/10\/Curso-Introduccion-al-Sector-Inmobiliario-en-Nicaragua.fw_.png\",\"datePublished\":\"2025-10-09T22:08:25+00:00\",\"dateModified\":\"2026-04-18T14:28:20+00:00\",\"breadcrumb\":{\"@id\":\"https:\/\/www.colegioinmobiliario.com\/nicaragua\/producto\/curso-introduccion-al-sector-inmobiliario-en-nicaragua\/#breadcrumb\"},\"inLanguage\":\"es\",\"potentialAction\":[{\"@type\":\"ReadAction\",\"target\":[\"https:\/\/www.colegioinmobiliario.com\/nicaragua\/producto\/curso-introduccion-al-sector-inmobiliario-en-nicaragua\/\"]}]},{\"@type\":\"ImageObject\",\"inLanguage\":\"es\",\"@id\":\"https:\/\/www.colegioinmobiliario.com\/nicaragua\/producto\/curso-introduccion-al-sector-inmobiliario-en-nicaragua\/#primaryimage\",\"url\":\"https:\/\/www.colegioinmobiliario.com\/nicaragua\/wp-content\/uploads\/2025\/10\/Curso-Introduccion-al-Sector-Inmobiliario-en-Nicaragua.fw_.png\",\"contentUrl\":\"https:\/\/www.colegioinmobiliario.com\/nicaragua\/wp-content\/uploads\/2025\/10\/Curso-Introduccion-al-Sector-Inmobiliario-en-Nicaragua.fw_.png\",\"width\":600,\"height\":600},{\"@type\":\"BreadcrumbList\",\"@id\":\"https:\/\/www.colegioinmobiliario.com\/nicaragua\/producto\/curso-introduccion-al-sector-inmobiliario-en-nicaragua\/#breadcrumb\",\"itemListElement\":[{\"@type\":\"ListItem\",\"position\":1,\"name\":\"Portada\",\"item\":\"https:\/\/www.colegioinmobiliario.com\/nicaragua\/\"},{\"@type\":\"ListItem\",\"position\":2,\"name\":\"Cat\u00e1logo de Cursos\",\"item\":\"https:\/\/www.colegioinmobiliario.com\/nicaragua\/catalogo-cursos\/\"},{\"@type\":\"ListItem\",\"position\":3,\"name\":\"Curso Introducci\u00f3n al Sector Inmobiliario en Nicaragua\"}]},{\"@type\":\"WebSite\",\"@id\":\"https:\/\/www.colegioinmobiliario.com\/nicaragua\/#website\",\"url\":\"https:\/\/www.colegioinmobiliario.com\/nicaragua\/\",\"name\":\"Colegio Inmobiliario Nicaragua\",\"description\":\"Colegio Inmobiliario Nicaragua\",\"alternateName\":\"Colegio Inmobiliario Nicaragua\",\"potentialAction\":[{\"@type\":\"SearchAction\",\"target\":{\"@type\":\"EntryPoint\",\"urlTemplate\":\"https:\/\/www.colegioinmobiliario.com\/nicaragua\/?s={search_term_string}\"},\"query-input\":{\"@type\":\"PropertyValueSpecification\",\"valueRequired\":true,\"valueName\":\"search_term_string\"}}],\"inLanguage\":\"es\"}]}<\/script>\n<!-- \/ Yoast SEO plugin. -->","yoast_head_json":{"title":"Curso Introducci\u00f3n al Sector Inmobiliario en Nicaragua | Colegio Inmobiliario Nicaragua","robots":{"index":"index","follow":"follow","max-snippet":"max-snippet:-1","max-image-preview":"max-image-preview:large","max-video-preview":"max-video-preview:-1"},"canonical":"https:\/\/www.colegioinmobiliario.com\/nicaragua\/producto\/curso-introduccion-al-sector-inmobiliario-en-nicaragua\/","og_locale":"es_ES","og_type":"article","og_title":"Curso Introducci\u00f3n al Sector Inmobiliario en Nicaragua | Colegio Inmobiliario Nicaragua","og_description":"Duraci\u00f3n:\u00a040 horas Modalidad:\u00a0100% online asincr\u00f3nica","og_url":"https:\/\/www.colegioinmobiliario.com\/nicaragua\/producto\/curso-introduccion-al-sector-inmobiliario-en-nicaragua\/","og_site_name":"Colegio Inmobiliario Nicaragua","article_modified_time":"2026-04-18T14:28:20+00:00","og_image":[{"width":600,"height":600,"url":"https:\/\/www.colegioinmobiliario.com\/nicaragua\/wp-content\/uploads\/2025\/10\/Curso-Introduccion-al-Sector-Inmobiliario-en-Nicaragua.fw_.png","type":"image\/png"}],"twitter_card":"summary_large_image","twitter_misc":{"Tiempo de lectura":"2 minutos"},"schema":{"@context":"https:\/\/schema.org","@graph":[{"@type":"WebPage","@id":"https:\/\/www.colegioinmobiliario.com\/nicaragua\/producto\/curso-introduccion-al-sector-inmobiliario-en-nicaragua\/","url":"https:\/\/www.colegioinmobiliario.com\/nicaragua\/producto\/curso-introduccion-al-sector-inmobiliario-en-nicaragua\/","name":"Curso Introducci\u00f3n al Sector Inmobiliario en Nicaragua | Colegio Inmobiliario Nicaragua","isPartOf":{"@id":"https:\/\/www.colegioinmobiliario.com\/nicaragua\/#website"},"primaryImageOfPage":{"@id":"https:\/\/www.colegioinmobiliario.com\/nicaragua\/producto\/curso-introduccion-al-sector-inmobiliario-en-nicaragua\/#primaryimage"},"image":{"@id":"https:\/\/www.colegioinmobiliario.com\/nicaragua\/producto\/curso-introduccion-al-sector-inmobiliario-en-nicaragua\/#primaryimage"},"thumbnailUrl":"https:\/\/www.colegioinmobiliario.com\/nicaragua\/wp-content\/uploads\/2025\/10\/Curso-Introduccion-al-Sector-Inmobiliario-en-Nicaragua.fw_.png","datePublished":"2025-10-09T22:08:25+00:00","dateModified":"2026-04-18T14:28:20+00:00","breadcrumb":{"@id":"https:\/\/www.colegioinmobiliario.com\/nicaragua\/producto\/curso-introduccion-al-sector-inmobiliario-en-nicaragua\/#breadcrumb"},"inLanguage":"es","potentialAction":[{"@type":"ReadAction","target":["https:\/\/www.colegioinmobiliario.com\/nicaragua\/producto\/curso-introduccion-al-sector-inmobiliario-en-nicaragua\/"]}]},{"@type":"ImageObject","inLanguage":"es","@id":"https:\/\/www.colegioinmobiliario.com\/nicaragua\/producto\/curso-introduccion-al-sector-inmobiliario-en-nicaragua\/#primaryimage","url":"https:\/\/www.colegioinmobiliario.com\/nicaragua\/wp-content\/uploads\/2025\/10\/Curso-Introduccion-al-Sector-Inmobiliario-en-Nicaragua.fw_.png","contentUrl":"https:\/\/www.colegioinmobiliario.com\/nicaragua\/wp-content\/uploads\/2025\/10\/Curso-Introduccion-al-Sector-Inmobiliario-en-Nicaragua.fw_.png","width":600,"height":600},{"@type":"BreadcrumbList","@id":"https:\/\/www.colegioinmobiliario.com\/nicaragua\/producto\/curso-introduccion-al-sector-inmobiliario-en-nicaragua\/#breadcrumb","itemListElement":[{"@type":"ListItem","position":1,"name":"Portada","item":"https:\/\/www.colegioinmobiliario.com\/nicaragua\/"},{"@type":"ListItem","position":2,"name":"Cat\u00e1logo de Cursos","item":"https:\/\/www.colegioinmobiliario.com\/nicaragua\/catalogo-cursos\/"},{"@type":"ListItem","position":3,"name":"Curso Introducci\u00f3n al Sector Inmobiliario en Nicaragua"}]},{"@type":"WebSite","@id":"https:\/\/www.colegioinmobiliario.com\/nicaragua\/#website","url":"https:\/\/www.colegioinmobiliario.com\/nicaragua\/","name":"Colegio Inmobiliario Nicaragua","description":"Colegio Inmobiliario Nicaragua","alternateName":"Colegio Inmobiliario Nicaragua","potentialAction":[{"@type":"SearchAction","target":{"@type":"EntryPoint","urlTemplate":"https:\/\/www.colegioinmobiliario.com\/nicaragua\/?s={search_term_string}"},"query-input":{"@type":"PropertyValueSpecification","valueRequired":true,"valueName":"search_term_string"}}],"inLanguage":"es"}]}},"_links":{"self":[{"href":"https:\/\/www.colegioinmobiliario.com\/nicaragua\/wp-json\/wp\/v2\/product\/22650","targetHints":{"allow":["GET"]}}],"collection":[{"href":"https:\/\/www.colegioinmobiliario.com\/nicaragua\/wp-json\/wp\/v2\/product"}],"about":[{"href":"https:\/\/www.colegioinmobiliario.com\/nicaragua\/wp-json\/wp\/v2\/types\/product"}],"wp:featuredmedia":[{"embeddable":true,"href":"https:\/\/www.colegioinmobiliario.com\/nicaragua\/wp-json\/wp\/v2\/media\/22659"}],"wp:attachment":[{"href":"https:\/\/www.colegioinmobiliario.com\/nicaragua\/wp-json\/wp\/v2\/media?parent=22650"}],"wp:term":[{"taxonomy":"product_brand","embeddable":true,"href":"https:\/\/www.colegioinmobiliario.com\/nicaragua\/wp-json\/wp\/v2\/product_brand?post=22650"},{"taxonomy":"product_cat","embeddable":true,"href":"https:\/\/www.colegioinmobiliario.com\/nicaragua\/wp-json\/wp\/v2\/product_cat?post=22650"},{"taxonomy":"product_tag","embeddable":true,"href":"https:\/\/www.colegioinmobiliario.com\/nicaragua\/wp-json\/wp\/v2\/product_tag?post=22650"}],"curies":[{"name":"wp","href":"https:\/\/api.w.org\/{rel}","templated":true}]}}