{"id":22639,"date":"2025-10-09T16:53:51","date_gmt":"2025-10-09T19:53:51","guid":{"rendered":"https:\/\/www.colegioinmobiliario.com\/panama\/?post_type=product&#038;p=22639"},"modified":"2025-10-09T20:21:05","modified_gmt":"2025-10-09T23:21:05","slug":"curso-gestor-inmobiliario-en-panama","status":"publish","type":"product","link":"https:\/\/www.colegioinmobiliario.com\/panama\/producto\/curso-gestor-inmobiliario-en-panama\/","title":{"rendered":"Curso Gestor Inmobiliario en Panam\u00e1"},"content":{"rendered":"<h3 data-start=\"1370\" data-end=\"1433\"><strong data-start=\"1374\" data-end=\"1433\">M\u00f3dulo 1. Introducci\u00f3n al Sector Inmobiliario en Panam\u00e1<\/strong><\/h3>\n<ul data-start=\"1434\" data-end=\"1636\">\n<li data-start=\"1434\" data-end=\"1487\">\n<p data-start=\"1436\" data-end=\"1487\">Conceptos fundamentales del negocio inmobiliario.<\/p>\n<\/li>\n<li data-start=\"1488\" data-end=\"1536\">\n<p data-start=\"1490\" data-end=\"1536\">Evoluci\u00f3n del mercado inmobiliario paname\u00f1o.<\/p>\n<\/li>\n<li data-start=\"1537\" data-end=\"1588\">\n<p data-start=\"1539\" data-end=\"1588\">Importancia del sector en la econom\u00eda nacional.<\/p>\n<\/li>\n<li data-start=\"1589\" data-end=\"1636\">\n<p data-start=\"1591\" data-end=\"1636\">Funciones y perfil del gestor inmobiliario.<\/p>\n<\/li>\n<\/ul>\n<hr data-start=\"1804\" data-end=\"1807\" \/>\n<h3 data-start=\"1809\" data-end=\"1874\"><strong data-start=\"1813\" data-end=\"1874\">M\u00f3dulo 2. Marco Legal y Normativo del Sector Inmobiliario<\/strong><\/h3>\n<ul data-start=\"1875\" data-end=\"2147\">\n<li data-start=\"1875\" data-end=\"1949\">\n<p data-start=\"1877\" data-end=\"1949\">Legislaci\u00f3n b\u00e1sica: Ley 6 de 1999 (Ley del Corredor de Bienes Ra\u00edces).<\/p>\n<\/li>\n<li data-start=\"1950\" data-end=\"2014\">\n<p data-start=\"1952\" data-end=\"2014\">Requisitos para ejercer como gestor o corredor inmobiliario.<\/p>\n<\/li>\n<li data-start=\"2015\" data-end=\"2091\">\n<p data-start=\"2017\" data-end=\"2091\">Contratos de compraventa, arrendamiento y administraci\u00f3n de propiedades.<\/p>\n<\/li>\n<li data-start=\"2092\" data-end=\"2147\">\n<p data-start=\"2094\" data-end=\"2147\">Registro P\u00fablico, catastro y normativa urban\u00edstica.<\/p>\n<\/li>\n<\/ul>\n<hr data-start=\"2285\" data-end=\"2288\" \/>\n<h3 data-start=\"2290\" data-end=\"2351\"><strong data-start=\"2294\" data-end=\"2351\">M\u00f3dulo 3. Tasaciones y Valoraci\u00f3n de Bienes Inmuebles<\/strong><\/h3>\n<ul data-start=\"2352\" data-end=\"2539\">\n<li data-start=\"2352\" data-end=\"2389\">\n<p data-start=\"2354\" data-end=\"2389\">Principios y m\u00e9todos de tasaci\u00f3n.<\/p>\n<\/li>\n<li data-start=\"2390\" data-end=\"2443\">\n<p data-start=\"2392\" data-end=\"2443\">Factores que influyen en el valor de un inmueble.<\/p>\n<\/li>\n<li data-start=\"2444\" data-end=\"2496\">\n<p data-start=\"2446\" data-end=\"2496\">Tipos de tasaci\u00f3n (comercial, fiscal, bancaria).<\/p>\n<\/li>\n<li data-start=\"2497\" data-end=\"2539\">\n<p data-start=\"2499\" data-end=\"2539\">Elaboraci\u00f3n de informes de valoraci\u00f3n.<\/p>\n<\/li>\n<\/ul>\n<hr data-start=\"2703\" data-end=\"2706\" \/>\n<h3 data-start=\"2708\" data-end=\"2758\"><strong data-start=\"2712\" data-end=\"2758\">M\u00f3dulo 4. Marketing y Ventas Inmobiliarias<\/strong><\/h3>\n<ul data-start=\"2759\" data-end=\"2974\">\n<li data-start=\"2759\" data-end=\"2814\">\n<p data-start=\"2761\" data-end=\"2814\">Estrategias de promoci\u00f3n y posicionamiento digital.<\/p>\n<\/li>\n<li data-start=\"2815\" data-end=\"2862\">\n<p data-start=\"2817\" data-end=\"2862\">T\u00e9cnicas de negociaci\u00f3n y cierre de ventas.<\/p>\n<\/li>\n<li data-start=\"2863\" data-end=\"2928\">\n<p data-start=\"2865\" data-end=\"2928\">Herramientas tecnol\u00f3gicas y portales inmobiliarios paname\u00f1os.<\/p>\n<\/li>\n<li data-start=\"2929\" data-end=\"2974\">\n<p data-start=\"2931\" data-end=\"2974\">Atenci\u00f3n al cliente y servicio postventa.<\/p>\n<\/li>\n<\/ul>\n<hr data-start=\"3153\" data-end=\"3156\" \/>\n<h3 data-start=\"3158\" data-end=\"3215\"><strong data-start=\"3162\" data-end=\"3215\">M\u00f3dulo 5. Administraci\u00f3n y Gesti\u00f3n de Propiedades<\/strong><\/h3>\n<ul data-start=\"3216\" data-end=\"3414\">\n<li data-start=\"3216\" data-end=\"3257\">\n<p data-start=\"3218\" data-end=\"3257\">Gesti\u00f3n de arriendos y mantenimiento.<\/p>\n<\/li>\n<li data-start=\"3258\" data-end=\"3308\">\n<p data-start=\"3260\" data-end=\"3308\">Administraci\u00f3n de condominios y copropiedades.<\/p>\n<\/li>\n<li data-start=\"3309\" data-end=\"3354\">\n<p data-start=\"3311\" data-end=\"3354\">Control financiero y cobro de alquileres.<\/p>\n<\/li>\n<li data-start=\"3355\" data-end=\"3414\">\n<p data-start=\"3357\" data-end=\"3414\">Relaci\u00f3n con arrendatarios, propietarios y proveedores.<\/p>\n<\/li>\n<\/ul>\n<hr data-start=\"3560\" data-end=\"3563\" \/>\n<h3 data-start=\"3565\" data-end=\"3617\"><strong data-start=\"3569\" data-end=\"3617\">M\u00f3dulo 6. Inversi\u00f3n y Finanzas Inmobiliarias<\/strong><\/h3>\n<ul data-start=\"3618\" data-end=\"3841\">\n<li data-start=\"3618\" data-end=\"3663\">\n<p data-start=\"3620\" data-end=\"3663\">Introducci\u00f3n a la inversi\u00f3n inmobiliaria.<\/p>\n<\/li>\n<li data-start=\"3664\" data-end=\"3709\">\n<p data-start=\"3666\" data-end=\"3709\">An\u00e1lisis de rentabilidad y flujo de caja.<\/p>\n<\/li>\n<li data-start=\"3710\" data-end=\"3774\">\n<p data-start=\"3712\" data-end=\"3774\">Cr\u00e9dito hipotecario y financiamiento inmobiliario en Panam\u00e1.<\/p>\n<\/li>\n<li data-start=\"3775\" data-end=\"3841\">\n<p data-start=\"3777\" data-end=\"3841\">Factores econ\u00f3micos y tributarios que inciden en la inversi\u00f3n.<\/p>\n<\/li>\n<\/ul>\n<hr data-start=\"3973\" data-end=\"3976\" \/>\n<h3 data-start=\"3978\" data-end=\"4052\"><strong data-start=\"3982\" data-end=\"4052\">M\u00f3dulo 7. \u00c9tica, Responsabilidad Profesional y Servicio al Cliente<\/strong><\/h3>\n<ul data-start=\"4053\" data-end=\"4243\">\n<li data-start=\"4053\" data-end=\"4097\">\n<p data-start=\"4055\" data-end=\"4097\">C\u00f3digo de \u00e9tica del gestor inmobiliario.<\/p>\n<\/li>\n<li data-start=\"4098\" data-end=\"4148\">\n<p data-start=\"4100\" data-end=\"4148\">Responsabilidad civil y penal del profesional.<\/p>\n<\/li>\n<li data-start=\"4149\" data-end=\"4201\">\n<p data-start=\"4151\" data-end=\"4201\">Pr\u00e1cticas transparentes y prevenci\u00f3n del fraude.<\/p>\n<\/li>\n<li data-start=\"4202\" data-end=\"4243\">\n<p data-start=\"4204\" data-end=\"4243\">Excelencia en la atenci\u00f3n al cliente.<\/p>\n<\/li>\n<\/ul>\n","protected":false},"excerpt":{"rendered":"<p><strong data-start=\"217\" data-end=\"239\">Duraci\u00f3n sugerida:<\/strong> 60 horas<br data-start=\"253\" data-end=\"256\" \/><strong data-start=\"256\" data-end=\"270\">Modalidad:<\/strong>\u00a0Online asincr\u00f3nico<\/p>\n","protected":false},"featured_media":22662,"template":"","meta":{"_joinchat":[]},"product_brand":[],"product_cat":[203],"product_tag":[],"class_list":{"0":"post-22639","1":"product","2":"type-product","3":"status-publish","4":"has-post-thumbnail","6":"product_cat-curso-gestor-inmobiliario-en-panama","8":"first","9":"instock","10":"sale","11":"shipping-taxable","12":"purchasable","13":"product-type-simple"},"yoast_head":"<!-- This site is optimized with the Yoast SEO plugin v25.8 - https:\/\/yoast.com\/wordpress\/plugins\/seo\/ -->\n<title>Curso Gestor Inmobiliario en Panam\u00e1 | Colegio Inmobiliario Panama<\/title>\n<meta name=\"robots\" content=\"index, follow, max-snippet:-1, max-image-preview:large, max-video-preview:-1\" \/>\n<link rel=\"canonical\" href=\"https:\/\/www.colegioinmobiliario.com\/panama\/producto\/curso-gestor-inmobiliario-en-panama\/\" \/>\n<meta property=\"og:locale\" content=\"es_ES\" \/>\n<meta property=\"og:type\" content=\"article\" \/>\n<meta property=\"og:title\" content=\"Curso Gestor Inmobiliario en Panam\u00e1 | Colegio Inmobiliario Panama\" \/>\n<meta property=\"og:description\" content=\"Duraci\u00f3n sugerida: 60 horasModalidad:\u00a0Online asincr\u00f3nico\" \/>\n<meta property=\"og:url\" content=\"https:\/\/www.colegioinmobiliario.com\/panama\/producto\/curso-gestor-inmobiliario-en-panama\/\" \/>\n<meta property=\"og:site_name\" content=\"Colegio Inmobiliario Panama\" \/>\n<meta property=\"article:modified_time\" content=\"2025-10-09T23:21:05+00:00\" \/>\n<meta property=\"og:image\" content=\"https:\/\/www.colegioinmobiliario.com\/panama\/wp-content\/uploads\/2025\/10\/Curso-Gestor-Inmobiliario-en-Panama.fw_.png\" \/>\n\t<meta property=\"og:image:width\" content=\"600\" \/>\n\t<meta property=\"og:image:height\" content=\"600\" \/>\n\t<meta property=\"og:image:type\" content=\"image\/png\" \/>\n<meta name=\"twitter:card\" content=\"summary_large_image\" \/>\n<meta name=\"twitter:label1\" content=\"Tiempo de lectura\" \/>\n\t<meta name=\"twitter:data1\" content=\"2 minutos\" \/>\n<script type=\"application\/ld+json\" class=\"yoast-schema-graph\">{\"@context\":\"https:\/\/schema.org\",\"@graph\":[{\"@type\":\"WebPage\",\"@id\":\"https:\/\/www.colegioinmobiliario.com\/panama\/producto\/curso-gestor-inmobiliario-en-panama\/\",\"url\":\"https:\/\/www.colegioinmobiliario.com\/panama\/producto\/curso-gestor-inmobiliario-en-panama\/\",\"name\":\"Curso Gestor Inmobiliario en Panam\u00e1 | Colegio Inmobiliario Panama\",\"isPartOf\":{\"@id\":\"https:\/\/www.colegioinmobiliario.com\/panama\/#website\"},\"primaryImageOfPage\":{\"@id\":\"https:\/\/www.colegioinmobiliario.com\/panama\/producto\/curso-gestor-inmobiliario-en-panama\/#primaryimage\"},\"image\":{\"@id\":\"https:\/\/www.colegioinmobiliario.com\/panama\/producto\/curso-gestor-inmobiliario-en-panama\/#primaryimage\"},\"thumbnailUrl\":\"https:\/\/www.colegioinmobiliario.com\/panama\/wp-content\/uploads\/2025\/10\/Curso-Gestor-Inmobiliario-en-Panama.fw_.png\",\"datePublished\":\"2025-10-09T19:53:51+00:00\",\"dateModified\":\"2025-10-09T23:21:05+00:00\",\"breadcrumb\":{\"@id\":\"https:\/\/www.colegioinmobiliario.com\/panama\/producto\/curso-gestor-inmobiliario-en-panama\/#breadcrumb\"},\"inLanguage\":\"es\",\"potentialAction\":[{\"@type\":\"ReadAction\",\"target\":[\"https:\/\/www.colegioinmobiliario.com\/panama\/producto\/curso-gestor-inmobiliario-en-panama\/\"]}]},{\"@type\":\"ImageObject\",\"inLanguage\":\"es\",\"@id\":\"https:\/\/www.colegioinmobiliario.com\/panama\/producto\/curso-gestor-inmobiliario-en-panama\/#primaryimage\",\"url\":\"https:\/\/www.colegioinmobiliario.com\/panama\/wp-content\/uploads\/2025\/10\/Curso-Gestor-Inmobiliario-en-Panama.fw_.png\",\"contentUrl\":\"https:\/\/www.colegioinmobiliario.com\/panama\/wp-content\/uploads\/2025\/10\/Curso-Gestor-Inmobiliario-en-Panama.fw_.png\",\"width\":600,\"height\":600},{\"@type\":\"BreadcrumbList\",\"@id\":\"https:\/\/www.colegioinmobiliario.com\/panama\/producto\/curso-gestor-inmobiliario-en-panama\/#breadcrumb\",\"itemListElement\":[{\"@type\":\"ListItem\",\"position\":1,\"name\":\"Portada\",\"item\":\"https:\/\/www.colegioinmobiliario.com\/panama\/\"},{\"@type\":\"ListItem\",\"position\":2,\"name\":\"Cat\u00e1logo de Cursos\",\"item\":\"https:\/\/www.colegioinmobiliario.com\/panama\/catalogo-cursos\/\"},{\"@type\":\"ListItem\",\"position\":3,\"name\":\"Curso Gestor Inmobiliario en Panam\u00e1\"}]},{\"@type\":\"WebSite\",\"@id\":\"https:\/\/www.colegioinmobiliario.com\/panama\/#website\",\"url\":\"https:\/\/www.colegioinmobiliario.com\/panama\/\",\"name\":\"Colegio Inmobiliario Panama\",\"description\":\"Colegio Inmobiliario Panama\",\"alternateName\":\"Colegio Inmobiliario Panama\",\"potentialAction\":[{\"@type\":\"SearchAction\",\"target\":{\"@type\":\"EntryPoint\",\"urlTemplate\":\"https:\/\/www.colegioinmobiliario.com\/panama\/?s={search_term_string}\"},\"query-input\":{\"@type\":\"PropertyValueSpecification\",\"valueRequired\":true,\"valueName\":\"search_term_string\"}}],\"inLanguage\":\"es\"}]}<\/script>\n<!-- \/ Yoast SEO plugin. -->","yoast_head_json":{"title":"Curso Gestor Inmobiliario en Panam\u00e1 | Colegio Inmobiliario Panama","robots":{"index":"index","follow":"follow","max-snippet":"max-snippet:-1","max-image-preview":"max-image-preview:large","max-video-preview":"max-video-preview:-1"},"canonical":"https:\/\/www.colegioinmobiliario.com\/panama\/producto\/curso-gestor-inmobiliario-en-panama\/","og_locale":"es_ES","og_type":"article","og_title":"Curso Gestor Inmobiliario en Panam\u00e1 | Colegio Inmobiliario Panama","og_description":"Duraci\u00f3n sugerida: 60 horasModalidad:\u00a0Online asincr\u00f3nico","og_url":"https:\/\/www.colegioinmobiliario.com\/panama\/producto\/curso-gestor-inmobiliario-en-panama\/","og_site_name":"Colegio Inmobiliario Panama","article_modified_time":"2025-10-09T23:21:05+00:00","og_image":[{"width":600,"height":600,"url":"https:\/\/www.colegioinmobiliario.com\/panama\/wp-content\/uploads\/2025\/10\/Curso-Gestor-Inmobiliario-en-Panama.fw_.png","type":"image\/png"}],"twitter_card":"summary_large_image","twitter_misc":{"Tiempo de lectura":"2 minutos"},"schema":{"@context":"https:\/\/schema.org","@graph":[{"@type":"WebPage","@id":"https:\/\/www.colegioinmobiliario.com\/panama\/producto\/curso-gestor-inmobiliario-en-panama\/","url":"https:\/\/www.colegioinmobiliario.com\/panama\/producto\/curso-gestor-inmobiliario-en-panama\/","name":"Curso Gestor Inmobiliario en Panam\u00e1 | Colegio Inmobiliario Panama","isPartOf":{"@id":"https:\/\/www.colegioinmobiliario.com\/panama\/#website"},"primaryImageOfPage":{"@id":"https:\/\/www.colegioinmobiliario.com\/panama\/producto\/curso-gestor-inmobiliario-en-panama\/#primaryimage"},"image":{"@id":"https:\/\/www.colegioinmobiliario.com\/panama\/producto\/curso-gestor-inmobiliario-en-panama\/#primaryimage"},"thumbnailUrl":"https:\/\/www.colegioinmobiliario.com\/panama\/wp-content\/uploads\/2025\/10\/Curso-Gestor-Inmobiliario-en-Panama.fw_.png","datePublished":"2025-10-09T19:53:51+00:00","dateModified":"2025-10-09T23:21:05+00:00","breadcrumb":{"@id":"https:\/\/www.colegioinmobiliario.com\/panama\/producto\/curso-gestor-inmobiliario-en-panama\/#breadcrumb"},"inLanguage":"es","potentialAction":[{"@type":"ReadAction","target":["https:\/\/www.colegioinmobiliario.com\/panama\/producto\/curso-gestor-inmobiliario-en-panama\/"]}]},{"@type":"ImageObject","inLanguage":"es","@id":"https:\/\/www.colegioinmobiliario.com\/panama\/producto\/curso-gestor-inmobiliario-en-panama\/#primaryimage","url":"https:\/\/www.colegioinmobiliario.com\/panama\/wp-content\/uploads\/2025\/10\/Curso-Gestor-Inmobiliario-en-Panama.fw_.png","contentUrl":"https:\/\/www.colegioinmobiliario.com\/panama\/wp-content\/uploads\/2025\/10\/Curso-Gestor-Inmobiliario-en-Panama.fw_.png","width":600,"height":600},{"@type":"BreadcrumbList","@id":"https:\/\/www.colegioinmobiliario.com\/panama\/producto\/curso-gestor-inmobiliario-en-panama\/#breadcrumb","itemListElement":[{"@type":"ListItem","position":1,"name":"Portada","item":"https:\/\/www.colegioinmobiliario.com\/panama\/"},{"@type":"ListItem","position":2,"name":"Cat\u00e1logo de Cursos","item":"https:\/\/www.colegioinmobiliario.com\/panama\/catalogo-cursos\/"},{"@type":"ListItem","position":3,"name":"Curso Gestor Inmobiliario en Panam\u00e1"}]},{"@type":"WebSite","@id":"https:\/\/www.colegioinmobiliario.com\/panama\/#website","url":"https:\/\/www.colegioinmobiliario.com\/panama\/","name":"Colegio Inmobiliario Panama","description":"Colegio Inmobiliario Panama","alternateName":"Colegio Inmobiliario Panama","potentialAction":[{"@type":"SearchAction","target":{"@type":"EntryPoint","urlTemplate":"https:\/\/www.colegioinmobiliario.com\/panama\/?s={search_term_string}"},"query-input":{"@type":"PropertyValueSpecification","valueRequired":true,"valueName":"search_term_string"}}],"inLanguage":"es"}]}},"_links":{"self":[{"href":"https:\/\/www.colegioinmobiliario.com\/panama\/wp-json\/wp\/v2\/product\/22639","targetHints":{"allow":["GET"]}}],"collection":[{"href":"https:\/\/www.colegioinmobiliario.com\/panama\/wp-json\/wp\/v2\/product"}],"about":[{"href":"https:\/\/www.colegioinmobiliario.com\/panama\/wp-json\/wp\/v2\/types\/product"}],"wp:featuredmedia":[{"embeddable":true,"href":"https:\/\/www.colegioinmobiliario.com\/panama\/wp-json\/wp\/v2\/media\/22662"}],"wp:attachment":[{"href":"https:\/\/www.colegioinmobiliario.com\/panama\/wp-json\/wp\/v2\/media?parent=22639"}],"wp:term":[{"taxonomy":"product_brand","embeddable":true,"href":"https:\/\/www.colegioinmobiliario.com\/panama\/wp-json\/wp\/v2\/product_brand?post=22639"},{"taxonomy":"product_cat","embeddable":true,"href":"https:\/\/www.colegioinmobiliario.com\/panama\/wp-json\/wp\/v2\/product_cat?post=22639"},{"taxonomy":"product_tag","embeddable":true,"href":"https:\/\/www.colegioinmobiliario.com\/panama\/wp-json\/wp\/v2\/product_tag?post=22639"}],"curies":[{"name":"wp","href":"https:\/\/api.w.org\/{rel}","templated":true}]}}