{"id":22633,"date":"2025-09-01T12:21:55","date_gmt":"2025-09-01T16:21:55","guid":{"rendered":"https:\/\/www.colegioinmobiliario.com\/puerto-rico\/?post_type=product&#038;p=22633"},"modified":"2025-10-06T12:01:21","modified_gmt":"2025-10-06T15:01:21","slug":"curso-de-derecho-inmobiliario-en-puerto-rico","status":"publish","type":"product","link":"https:\/\/www.colegioinmobiliario.com\/puerto-rico\/producto\/curso-de-derecho-inmobiliario-en-puerto-rico\/","title":{"rendered":"Curso de Derecho Inmobiliario en Puerto Rico"},"content":{"rendered":"<h2 data-start=\"266\" data-end=\"348\"><strong data-start=\"269\" data-end=\"334\">M\u00f3dulo 1: Introducci\u00f3n al Derecho Inmobiliario en Puerto Rico<\/strong> \u2013 <em data-start=\"337\" data-end=\"346\">6 horas<\/em><\/h2>\n<ul data-start=\"349\" data-end=\"576\">\n<li data-start=\"349\" data-end=\"397\">\n<p data-start=\"351\" data-end=\"397\">Concepto y alcance del derecho inmobiliario.<\/p>\n<\/li>\n<li data-start=\"398\" data-end=\"442\">\n<p data-start=\"400\" data-end=\"442\">Marco jur\u00eddico aplicable en Puerto Rico.<\/p>\n<\/li>\n<li data-start=\"443\" data-end=\"519\">\n<p data-start=\"445\" data-end=\"519\">El Registro de la Propiedad: historia, funci\u00f3n y principios registrales.<\/p>\n<\/li>\n<li data-start=\"520\" data-end=\"576\">\n<p data-start=\"522\" data-end=\"576\">Relaci\u00f3n con el C\u00f3digo Civil y legislaci\u00f3n especial.<\/p>\n<\/li>\n<\/ul>\n<hr data-start=\"578\" data-end=\"581\" \/>\n<h2 data-start=\"583\" data-end=\"641\"><strong data-start=\"586\" data-end=\"627\">M\u00f3dulo 2: Derechos Reales y Propiedad<\/strong> \u2013 <em data-start=\"630\" data-end=\"639\">6 horas<\/em><\/h2>\n<ul data-start=\"642\" data-end=\"874\">\n<li data-start=\"642\" data-end=\"692\">\n<p data-start=\"644\" data-end=\"692\">La propiedad como derecho real en Puerto Rico.<\/p>\n<\/li>\n<li data-start=\"693\" data-end=\"745\">\n<p data-start=\"695\" data-end=\"745\">Usufructo, servidumbres y otros derechos reales.<\/p>\n<\/li>\n<li data-start=\"746\" data-end=\"804\">\n<p data-start=\"748\" data-end=\"804\">Propiedad horizontal: concepto y evoluci\u00f3n en la isla.<\/p>\n<\/li>\n<li data-start=\"805\" data-end=\"874\">\n<p data-start=\"807\" data-end=\"874\">Diferencias entre propiedad individual, comunitaria y condominio.<\/p>\n<\/li>\n<\/ul>\n<hr data-start=\"876\" data-end=\"879\" \/>\n<h2 data-start=\"881\" data-end=\"936\"><strong data-start=\"884\" data-end=\"922\">M\u00f3dulo 3: Registro de la Propiedad<\/strong> \u2013 <em data-start=\"925\" data-end=\"934\">8 horas<\/em><\/h2>\n<ul data-start=\"937\" data-end=\"1186\">\n<li data-start=\"937\" data-end=\"996\">\n<p data-start=\"939\" data-end=\"996\">Organizaci\u00f3n y estructura del Registro de la Propiedad.<\/p>\n<\/li>\n<li data-start=\"997\" data-end=\"1046\">\n<p data-start=\"999\" data-end=\"1046\">Requisitos para inscribir actos y documentos.<\/p>\n<\/li>\n<li data-start=\"1047\" data-end=\"1125\">\n<p data-start=\"1049\" data-end=\"1125\">Principios registrales: legalidad, tracto sucesivo, prioridad, publicidad.<\/p>\n<\/li>\n<li data-start=\"1126\" data-end=\"1186\">\n<p data-start=\"1128\" data-end=\"1186\">Procedimientos de inscripci\u00f3n y anotaciones preventivas.<\/p>\n<\/li>\n<\/ul>\n<hr data-start=\"1188\" data-end=\"1191\" \/>\n<h2 data-start=\"1193\" data-end=\"1261\"><strong data-start=\"1196\" data-end=\"1247\">M\u00f3dulo 4: Compraventa y Contratos Inmobiliarios<\/strong> \u2013 <em data-start=\"1250\" data-end=\"1259\">8 horas<\/em><\/h2>\n<ul data-start=\"1262\" data-end=\"1537\">\n<li data-start=\"1262\" data-end=\"1312\">\n<p data-start=\"1264\" data-end=\"1312\">Contratos m\u00e1s comunes en materia inmobiliaria.<\/p>\n<\/li>\n<li data-start=\"1313\" data-end=\"1376\">\n<p data-start=\"1315\" data-end=\"1376\">La compraventa: requisitos, promesas de compraventa, arras.<\/p>\n<\/li>\n<li data-start=\"1377\" data-end=\"1427\">\n<p data-start=\"1379\" data-end=\"1427\">Contratos de arrendamiento y subarrendamiento.<\/p>\n<\/li>\n<li data-start=\"1428\" data-end=\"1469\">\n<p data-start=\"1430\" data-end=\"1469\">Contratos de opci\u00f3n y su inscripci\u00f3n.<\/p>\n<\/li>\n<li data-start=\"1470\" data-end=\"1537\">\n<p data-start=\"1472\" data-end=\"1537\">Cl\u00e1usulas relevantes en contratos inmobiliarios en Puerto Rico.<\/p>\n<\/li>\n<\/ul>\n<hr data-start=\"1539\" data-end=\"1542\" \/>\n<h2 data-start=\"1544\" data-end=\"1609\"><strong data-start=\"1547\" data-end=\"1595\">M\u00f3dulo 5: Hipotecas y Cr\u00e9ditos Inmobiliarios<\/strong> \u2013 <em data-start=\"1598\" data-end=\"1607\">8 horas<\/em><\/h2>\n<ul data-start=\"1610\" data-end=\"1847\">\n<li data-start=\"1610\" data-end=\"1666\">\n<p data-start=\"1612\" data-end=\"1666\">La hipoteca en el C\u00f3digo Civil y la Ley Hipotecaria.<\/p>\n<\/li>\n<li data-start=\"1667\" data-end=\"1721\">\n<p data-start=\"1669\" data-end=\"1721\">Constituci\u00f3n, requisitos y efectos de la hipoteca.<\/p>\n<\/li>\n<li data-start=\"1722\" data-end=\"1784\">\n<p data-start=\"1724\" data-end=\"1784\">Ejecuci\u00f3n hipotecaria: procedimiento y defensa del deudor.<\/p>\n<\/li>\n<li data-start=\"1785\" data-end=\"1847\">\n<p data-start=\"1787\" data-end=\"1847\">Impacto de la mediaci\u00f3n compulsoria en casos hipotecarios.<\/p>\n<\/li>\n<\/ul>\n<hr data-start=\"1849\" data-end=\"1852\" \/>\n<h2 data-start=\"1854\" data-end=\"1918\"><strong data-start=\"1857\" data-end=\"1904\">M\u00f3dulo 6: Ley de Condominios en Puerto Rico<\/strong> \u2013 <em data-start=\"1907\" data-end=\"1916\">6 horas<\/em><\/h2>\n<ul data-start=\"1919\" data-end=\"2174\">\n<li data-start=\"1919\" data-end=\"1962\">\n<p data-start=\"1921\" data-end=\"1962\">Ley N\u00fam. 129-2020 y reformas recientes.<\/p>\n<\/li>\n<li data-start=\"1963\" data-end=\"1999\">\n<p data-start=\"1965\" data-end=\"1999\">R\u00e9gimen de propiedad horizontal.<\/p>\n<\/li>\n<li data-start=\"2000\" data-end=\"2045\">\n<p data-start=\"2002\" data-end=\"2045\">Derechos y obligaciones de los titulares.<\/p>\n<\/li>\n<li data-start=\"2046\" data-end=\"2108\">\n<p data-start=\"2048\" data-end=\"2108\">La junta de cond\u00f3mines y la administraci\u00f3n del condominio.<\/p>\n<\/li>\n<li data-start=\"2109\" data-end=\"2174\">\n<p data-start=\"2111\" data-end=\"2174\">Jurisprudencia relevante del Tribunal Supremo de Puerto Rico.<\/p>\n<\/li>\n<\/ul>\n<hr data-start=\"2176\" data-end=\"2179\" \/>\n<h2 data-start=\"2181\" data-end=\"2260\"><strong data-start=\"2184\" data-end=\"2246\">M\u00f3dulo 7: Derecho Administrativo y Regulaci\u00f3n Inmobiliaria<\/strong> \u2013 <em data-start=\"2249\" data-end=\"2258\">6 horas<\/em><\/h2>\n<ul data-start=\"2261\" data-end=\"2456\">\n<li data-start=\"2261\" data-end=\"2299\">\n<p data-start=\"2263\" data-end=\"2299\">Rol del <strong data-start=\"2271\" data-end=\"2279\">DACO<\/strong> en bienes ra\u00edces.<\/p>\n<\/li>\n<li data-start=\"2300\" data-end=\"2349\">\n<p data-start=\"2302\" data-end=\"2349\">Reglamentos aplicables a ventas y alquileres.<\/p>\n<\/li>\n<li data-start=\"2350\" data-end=\"2425\">\n<p data-start=\"2352\" data-end=\"2425\">Licencias y regulaciones para corredores y vendedores de bienes ra\u00edces.<\/p>\n<\/li>\n<li data-start=\"2426\" data-end=\"2456\">\n<p data-start=\"2428\" data-end=\"2456\">Fiscalizaci\u00f3n y sanciones.<\/p>\n<\/li>\n<\/ul>\n<hr data-start=\"2458\" data-end=\"2461\" \/>\n<h2 data-start=\"2463\" data-end=\"2543\"><strong data-start=\"2466\" data-end=\"2529\">M\u00f3dulo 8: Litigios y Resoluci\u00f3n de Conflictos Inmobiliarios<\/strong> \u2013 <em data-start=\"2532\" data-end=\"2541\">6 horas<\/em><\/h2>\n<ul data-start=\"2544\" data-end=\"2787\">\n<li data-start=\"2544\" data-end=\"2598\">\n<p data-start=\"2546\" data-end=\"2598\">Principales controversias en derecho inmobiliario.<\/p>\n<\/li>\n<li data-start=\"2599\" data-end=\"2675\">\n<p data-start=\"2601\" data-end=\"2675\">Procedimientos judiciales: reivindicatorios, posesorios y contractuales.<\/p>\n<\/li>\n<li data-start=\"2676\" data-end=\"2748\">\n<p data-start=\"2678\" data-end=\"2748\">M\u00e9todos alternos de resoluci\u00f3n de conflictos: arbitraje y mediaci\u00f3n.<\/p>\n<\/li>\n<li data-start=\"2749\" data-end=\"2787\">\n<p data-start=\"2751\" data-end=\"2787\">Casos emblem\u00e1ticos en Puerto Rico.<\/p>\n<\/li>\n<\/ul>\n<hr data-start=\"2789\" data-end=\"2792\" \/>\n<h2 data-start=\"2794\" data-end=\"2850\"><strong data-start=\"2797\" data-end=\"2836\">M\u00f3dulo 9: Tendencias y Perspectivas<\/strong> \u2013 <em data-start=\"2839\" data-end=\"2848\">6 horas<\/em><\/h2>\n<ul data-start=\"2851\" data-end=\"3092\">\n<li data-start=\"2851\" data-end=\"2913\">\n<p data-start=\"2853\" data-end=\"2913\">Modernizaci\u00f3n del Registro de la Propiedad en Puerto Rico.<\/p>\n<\/li>\n<li data-start=\"2914\" data-end=\"2981\">\n<p data-start=\"2916\" data-end=\"2981\">Digitalizaci\u00f3n y retos tecnol\u00f3gicos en la gesti\u00f3n inmobiliaria.<\/p>\n<\/li>\n<li data-start=\"2982\" data-end=\"3037\">\n<p data-start=\"2984\" data-end=\"3037\">Tendencias internacionales en derecho inmobiliario.<\/p>\n<\/li>\n<li data-start=\"3038\" data-end=\"3092\">\n<p data-start=\"3040\" data-end=\"3092\">Perspectiva comparada con EE. UU. y Latinoam\u00e9rica.<\/p>\n<\/li>\n<\/ul>\n<hr data-start=\"3094\" data-end=\"3097\" \/>\n<p data-start=\"3099\" data-end=\"3276\">\u2705 <strong data-start=\"3101\" data-end=\"3116\">Evaluaci\u00f3n:<\/strong> cuestionarios online por m\u00f3dulo, an\u00e1lisis de casos pr\u00e1cticos y proyecto final (ejemplo: elaboraci\u00f3n de un contrato de compraventa con inscripci\u00f3n registral).<\/p>\n","protected":false},"excerpt":{"rendered":"<ul data-start=\"3093\" data-end=\"3389\">\n<li data-start=\"3093\" data-end=\"3126\">\n<p data-start=\"3095\" data-end=\"3126\"><strong data-start=\"3095\" data-end=\"3114\">Duraci\u00f3n total:<\/strong> 60 horas.<\/p>\n<\/li>\n<li data-start=\"3127\" data-end=\"3201\">\n<p data-start=\"3129\" data-end=\"3201\"><strong data-start=\"3129\" data-end=\"3143\">Modalidad:<\/strong> Online asincr\u00f3nico (con foros y evaluaciones en l\u00ednea).<\/p>\n<\/li>\n<li data-start=\"3202\" data-end=\"3389\">\n<p data-start=\"3204\" data-end=\"3389\"><strong data-start=\"3204\" data-end=\"3219\">Evaluaci\u00f3n:<\/strong> cuestionarios por m\u00f3dulo, an\u00e1lisis de casos pr\u00e1cticos y un proyecto final (ejemplo: elaboraci\u00f3n de un contrato de compraventa inscrito en el Registro de la Propiedad).<\/p>\n<\/li>\n<\/ul>\n","protected":false},"featured_media":22648,"template":"","meta":[],"product_brand":[],"product_cat":[203],"product_tag":[],"class_list":{"0":"post-22633","1":"product","2":"type-product","3":"status-publish","4":"has-post-thumbnail","6":"product_cat-curso-de-derecho-inmobiliario-en-puerto-rico","8":"first","9":"instock","10":"sale","11":"shipping-taxable","12":"purchasable","13":"product-type-simple"},"yoast_head":"<!-- This site is optimized with the Yoast SEO plugin v25.8 - https:\/\/yoast.com\/wordpress\/plugins\/seo\/ -->\n<title>Curso de Derecho Inmobiliario en Puerto Rico | Colegio Inmobiliario Puertorico<\/title>\n<meta name=\"description\" content=\"Curso de Derecho Inmobiliario en Puerto Rico\" \/>\n<meta name=\"robots\" content=\"index, follow, max-snippet:-1, max-image-preview:large, max-video-preview:-1\" \/>\n<link rel=\"canonical\" href=\"https:\/\/www.colegioinmobiliario.com\/puerto-rico\/producto\/curso-de-derecho-inmobiliario-en-puerto-rico\/\" \/>\n<meta property=\"og:locale\" content=\"es_ES\" \/>\n<meta property=\"og:type\" content=\"article\" \/>\n<meta property=\"og:title\" content=\"Curso de Derecho Inmobiliario en Puerto Rico | Colegio Inmobiliario Puertorico\" \/>\n<meta property=\"og:description\" content=\"Curso de Derecho Inmobiliario en Puerto Rico\" \/>\n<meta property=\"og:url\" content=\"https:\/\/www.colegioinmobiliario.com\/puerto-rico\/producto\/curso-de-derecho-inmobiliario-en-puerto-rico\/\" \/>\n<meta property=\"og:site_name\" content=\"Colegio Inmobiliario Puertorico\" \/>\n<meta property=\"article:modified_time\" content=\"2025-10-06T15:01:21+00:00\" \/>\n<meta property=\"og:image\" content=\"https:\/\/www.colegioinmobiliario.com\/puerto-rico\/wp-content\/uploads\/2025\/09\/Curso-de-Derecho-Inmobiliario-en-Puerto-Rico.fw_.png\" \/>\n\t<meta property=\"og:image:width\" content=\"600\" \/>\n\t<meta property=\"og:image:height\" content=\"600\" \/>\n\t<meta property=\"og:image:type\" content=\"image\/png\" \/>\n<meta name=\"twitter:card\" content=\"summary_large_image\" \/>\n<meta name=\"twitter:label1\" content=\"Tiempo de lectura\" \/>\n\t<meta name=\"twitter:data1\" content=\"2 minutos\" \/>\n<script type=\"application\/ld+json\" class=\"yoast-schema-graph\">{\"@context\":\"https:\/\/schema.org\",\"@graph\":[{\"@type\":\"WebPage\",\"@id\":\"https:\/\/www.colegioinmobiliario.com\/puerto-rico\/producto\/curso-de-derecho-inmobiliario-en-puerto-rico\/\",\"url\":\"https:\/\/www.colegioinmobiliario.com\/puerto-rico\/producto\/curso-de-derecho-inmobiliario-en-puerto-rico\/\",\"name\":\"Curso de Derecho Inmobiliario en Puerto Rico | Colegio Inmobiliario Puertorico\",\"isPartOf\":{\"@id\":\"https:\/\/www.colegioinmobiliario.com\/puerto-rico\/#website\"},\"primaryImageOfPage\":{\"@id\":\"https:\/\/www.colegioinmobiliario.com\/puerto-rico\/producto\/curso-de-derecho-inmobiliario-en-puerto-rico\/#primaryimage\"},\"image\":{\"@id\":\"https:\/\/www.colegioinmobiliario.com\/puerto-rico\/producto\/curso-de-derecho-inmobiliario-en-puerto-rico\/#primaryimage\"},\"thumbnailUrl\":\"https:\/\/www.colegioinmobiliario.com\/puerto-rico\/wp-content\/uploads\/2025\/09\/Curso-de-Derecho-Inmobiliario-en-Puerto-Rico.fw_.png\",\"datePublished\":\"2025-09-01T16:21:55+00:00\",\"dateModified\":\"2025-10-06T15:01:21+00:00\",\"description\":\"Curso de Derecho Inmobiliario en Puerto Rico\",\"breadcrumb\":{\"@id\":\"https:\/\/www.colegioinmobiliario.com\/puerto-rico\/producto\/curso-de-derecho-inmobiliario-en-puerto-rico\/#breadcrumb\"},\"inLanguage\":\"es\",\"potentialAction\":[{\"@type\":\"ReadAction\",\"target\":[\"https:\/\/www.colegioinmobiliario.com\/puerto-rico\/producto\/curso-de-derecho-inmobiliario-en-puerto-rico\/\"]}]},{\"@type\":\"ImageObject\",\"inLanguage\":\"es\",\"@id\":\"https:\/\/www.colegioinmobiliario.com\/puerto-rico\/producto\/curso-de-derecho-inmobiliario-en-puerto-rico\/#primaryimage\",\"url\":\"https:\/\/www.colegioinmobiliario.com\/puerto-rico\/wp-content\/uploads\/2025\/09\/Curso-de-Derecho-Inmobiliario-en-Puerto-Rico.fw_.png\",\"contentUrl\":\"https:\/\/www.colegioinmobiliario.com\/puerto-rico\/wp-content\/uploads\/2025\/09\/Curso-de-Derecho-Inmobiliario-en-Puerto-Rico.fw_.png\",\"width\":600,\"height\":600},{\"@type\":\"BreadcrumbList\",\"@id\":\"https:\/\/www.colegioinmobiliario.com\/puerto-rico\/producto\/curso-de-derecho-inmobiliario-en-puerto-rico\/#breadcrumb\",\"itemListElement\":[{\"@type\":\"ListItem\",\"position\":1,\"name\":\"Portada\",\"item\":\"https:\/\/www.colegioinmobiliario.com\/puerto-rico\/\"},{\"@type\":\"ListItem\",\"position\":2,\"name\":\"Cat\u00e1logo de Cursos\",\"item\":\"https:\/\/www.colegioinmobiliario.com\/puerto-rico\/catalogo-cursos\/\"},{\"@type\":\"ListItem\",\"position\":3,\"name\":\"Curso de Derecho Inmobiliario en Puerto Rico\"}]},{\"@type\":\"WebSite\",\"@id\":\"https:\/\/www.colegioinmobiliario.com\/puerto-rico\/#website\",\"url\":\"https:\/\/www.colegioinmobiliario.com\/puerto-rico\/\",\"name\":\"Colegio Inmobiliario Puertorico\",\"description\":\"Colegio Inmobiliario Puertorico\",\"alternateName\":\"Colegio Inmobiliario Puertorico\",\"potentialAction\":[{\"@type\":\"SearchAction\",\"target\":{\"@type\":\"EntryPoint\",\"urlTemplate\":\"https:\/\/www.colegioinmobiliario.com\/puerto-rico\/?s={search_term_string}\"},\"query-input\":{\"@type\":\"PropertyValueSpecification\",\"valueRequired\":true,\"valueName\":\"search_term_string\"}}],\"inLanguage\":\"es\"}]}<\/script>\n<!-- \/ Yoast SEO plugin. -->","yoast_head_json":{"title":"Curso de Derecho Inmobiliario en Puerto Rico | Colegio Inmobiliario Puertorico","description":"Curso de Derecho Inmobiliario en Puerto Rico","robots":{"index":"index","follow":"follow","max-snippet":"max-snippet:-1","max-image-preview":"max-image-preview:large","max-video-preview":"max-video-preview:-1"},"canonical":"https:\/\/www.colegioinmobiliario.com\/puerto-rico\/producto\/curso-de-derecho-inmobiliario-en-puerto-rico\/","og_locale":"es_ES","og_type":"article","og_title":"Curso de Derecho Inmobiliario en Puerto Rico | Colegio Inmobiliario Puertorico","og_description":"Curso de Derecho Inmobiliario en Puerto Rico","og_url":"https:\/\/www.colegioinmobiliario.com\/puerto-rico\/producto\/curso-de-derecho-inmobiliario-en-puerto-rico\/","og_site_name":"Colegio Inmobiliario Puertorico","article_modified_time":"2025-10-06T15:01:21+00:00","og_image":[{"width":600,"height":600,"url":"https:\/\/www.colegioinmobiliario.com\/puerto-rico\/wp-content\/uploads\/2025\/09\/Curso-de-Derecho-Inmobiliario-en-Puerto-Rico.fw_.png","type":"image\/png"}],"twitter_card":"summary_large_image","twitter_misc":{"Tiempo de lectura":"2 minutos"},"schema":{"@context":"https:\/\/schema.org","@graph":[{"@type":"WebPage","@id":"https:\/\/www.colegioinmobiliario.com\/puerto-rico\/producto\/curso-de-derecho-inmobiliario-en-puerto-rico\/","url":"https:\/\/www.colegioinmobiliario.com\/puerto-rico\/producto\/curso-de-derecho-inmobiliario-en-puerto-rico\/","name":"Curso de Derecho Inmobiliario en Puerto Rico | Colegio Inmobiliario Puertorico","isPartOf":{"@id":"https:\/\/www.colegioinmobiliario.com\/puerto-rico\/#website"},"primaryImageOfPage":{"@id":"https:\/\/www.colegioinmobiliario.com\/puerto-rico\/producto\/curso-de-derecho-inmobiliario-en-puerto-rico\/#primaryimage"},"image":{"@id":"https:\/\/www.colegioinmobiliario.com\/puerto-rico\/producto\/curso-de-derecho-inmobiliario-en-puerto-rico\/#primaryimage"},"thumbnailUrl":"https:\/\/www.colegioinmobiliario.com\/puerto-rico\/wp-content\/uploads\/2025\/09\/Curso-de-Derecho-Inmobiliario-en-Puerto-Rico.fw_.png","datePublished":"2025-09-01T16:21:55+00:00","dateModified":"2025-10-06T15:01:21+00:00","description":"Curso de Derecho Inmobiliario en Puerto Rico","breadcrumb":{"@id":"https:\/\/www.colegioinmobiliario.com\/puerto-rico\/producto\/curso-de-derecho-inmobiliario-en-puerto-rico\/#breadcrumb"},"inLanguage":"es","potentialAction":[{"@type":"ReadAction","target":["https:\/\/www.colegioinmobiliario.com\/puerto-rico\/producto\/curso-de-derecho-inmobiliario-en-puerto-rico\/"]}]},{"@type":"ImageObject","inLanguage":"es","@id":"https:\/\/www.colegioinmobiliario.com\/puerto-rico\/producto\/curso-de-derecho-inmobiliario-en-puerto-rico\/#primaryimage","url":"https:\/\/www.colegioinmobiliario.com\/puerto-rico\/wp-content\/uploads\/2025\/09\/Curso-de-Derecho-Inmobiliario-en-Puerto-Rico.fw_.png","contentUrl":"https:\/\/www.colegioinmobiliario.com\/puerto-rico\/wp-content\/uploads\/2025\/09\/Curso-de-Derecho-Inmobiliario-en-Puerto-Rico.fw_.png","width":600,"height":600},{"@type":"BreadcrumbList","@id":"https:\/\/www.colegioinmobiliario.com\/puerto-rico\/producto\/curso-de-derecho-inmobiliario-en-puerto-rico\/#breadcrumb","itemListElement":[{"@type":"ListItem","position":1,"name":"Portada","item":"https:\/\/www.colegioinmobiliario.com\/puerto-rico\/"},{"@type":"ListItem","position":2,"name":"Cat\u00e1logo de Cursos","item":"https:\/\/www.colegioinmobiliario.com\/puerto-rico\/catalogo-cursos\/"},{"@type":"ListItem","position":3,"name":"Curso de Derecho Inmobiliario en Puerto Rico"}]},{"@type":"WebSite","@id":"https:\/\/www.colegioinmobiliario.com\/puerto-rico\/#website","url":"https:\/\/www.colegioinmobiliario.com\/puerto-rico\/","name":"Colegio Inmobiliario Puertorico","description":"Colegio Inmobiliario Puertorico","alternateName":"Colegio Inmobiliario Puertorico","potentialAction":[{"@type":"SearchAction","target":{"@type":"EntryPoint","urlTemplate":"https:\/\/www.colegioinmobiliario.com\/puerto-rico\/?s={search_term_string}"},"query-input":{"@type":"PropertyValueSpecification","valueRequired":true,"valueName":"search_term_string"}}],"inLanguage":"es"}]}},"_links":{"self":[{"href":"https:\/\/www.colegioinmobiliario.com\/puerto-rico\/wp-json\/wp\/v2\/product\/22633","targetHints":{"allow":["GET"]}}],"collection":[{"href":"https:\/\/www.colegioinmobiliario.com\/puerto-rico\/wp-json\/wp\/v2\/product"}],"about":[{"href":"https:\/\/www.colegioinmobiliario.com\/puerto-rico\/wp-json\/wp\/v2\/types\/product"}],"wp:featuredmedia":[{"embeddable":true,"href":"https:\/\/www.colegioinmobiliario.com\/puerto-rico\/wp-json\/wp\/v2\/media\/22648"}],"wp:attachment":[{"href":"https:\/\/www.colegioinmobiliario.com\/puerto-rico\/wp-json\/wp\/v2\/media?parent=22633"}],"wp:term":[{"taxonomy":"product_brand","embeddable":true,"href":"https:\/\/www.colegioinmobiliario.com\/puerto-rico\/wp-json\/wp\/v2\/product_brand?post=22633"},{"taxonomy":"product_cat","embeddable":true,"href":"https:\/\/www.colegioinmobiliario.com\/puerto-rico\/wp-json\/wp\/v2\/product_cat?post=22633"},{"taxonomy":"product_tag","embeddable":true,"href":"https:\/\/www.colegioinmobiliario.com\/puerto-rico\/wp-json\/wp\/v2\/product_tag?post=22633"}],"curies":[{"name":"wp","href":"https:\/\/api.w.org\/{rel}","templated":true}]}}